{"id":50,"date":"2023-10-04T15:27:34","date_gmt":"2023-10-04T15:27:34","guid":{"rendered":"https:\/\/centromedicotropicana.com\/?page_id=50"},"modified":"2025-11-12T21:57:09","modified_gmt":"2025-11-13T03:57:09","slug":"specialties","status":"publish","type":"page","link":"https:\/\/centromedicotropicana.com\/en\/specialties\/","title":{"rendered":"Specialties"},"content":{"rendered":"\t\t<div data-elementor-type=\"wp-page\" data-elementor-id=\"50\" class=\"elementor elementor-50\" data-elementor-post-type=\"page\">\n\t\t\t\t<div class=\"elementor-element elementor-element-55aac57 e-flex e-con-boxed cmsmasters-block-default e-con e-parent\" data-id=\"55aac57\" data-element_type=\"container\" data-e-type=\"container\">\n\t\t\t\t\t<div class=\"e-con-inner\">\n\t\t<div class=\"elementor-element elementor-element-69be082 e-con-full e-flex cmsmasters-block-default e-con e-child\" data-id=\"69be082\" data-element_type=\"container\" data-e-type=\"container\" data-settings=\"{&quot;background_background&quot;:&quot;slideshow&quot;,&quot;background_slideshow_gallery&quot;:[{&quot;id&quot;:4570,&quot;url&quot;:&quot;https:\\\/\\\/centromedicotropicana.com\\\/wp-content\\\/uploads\\\/2024\\\/03\\\/Banner-inicio-Seguridad-Medica-scaled-1.jpg&quot;},{&quot;id&quot;:41351,&quot;url&quot;:&quot;https:\\\/\\\/centromedicotropicana.com\\\/wp-content\\\/uploads\\\/2025\\\/10\\\/Odontologia.jpg&quot;},{&quot;id&quot;:41350,&quot;url&quot;:&quot;https:\\\/\\\/centromedicotropicana.com\\\/wp-content\\\/uploads\\\/2025\\\/10\\\/Odontopediatria.jpg&quot;},{&quot;id&quot;:4572,&quot;url&quot;:&quot;https:\\\/\\\/centromedicotropicana.com\\\/wp-content\\\/uploads\\\/2024\\\/03\\\/IMG_3563-scaled-1.jpg&quot;},{&quot;id&quot;:41352,&quot;url&quot;:&quot;https:\\\/\\\/centromedicotropicana.com\\\/wp-content\\\/uploads\\\/2025\\\/10\\\/Ginecologia.jpg&quot;},{&quot;id&quot;:41353,&quot;url&quot;:&quot;https:\\\/\\\/centromedicotropicana.com\\\/wp-content\\\/uploads\\\/2025\\\/10\\\/Cardiologia.jpg&quot;},{&quot;id&quot;:41354,&quot;url&quot;:&quot;https:\\\/\\\/centromedicotropicana.com\\\/wp-content\\\/uploads\\\/2025\\\/10\\\/MedicinaVascular.jpg&quot;}],&quot;background_slideshow_ken_burns&quot;:&quot;yes&quot;,&quot;background_slideshow_loop&quot;:&quot;yes&quot;,&quot;background_slideshow_slide_duration&quot;:5000,&quot;background_slideshow_slide_transition&quot;:&quot;fade&quot;,&quot;background_slideshow_transition_duration&quot;:500,&quot;background_slideshow_ken_burns_zoom_direction&quot;:&quot;in&quot;}\">\n\t\t\t\t<div class=\"elementor-element elementor-element-0457587 cmsmasters-block-default cmsmasters-sticky-default elementor-widget elementor-widget-spacer\" data-id=\"0457587\" data-element_type=\"widget\" data-e-type=\"widget\" data-widget_type=\"spacer.default\">\n\t\t\t\t<div class=\"elementor-widget-container\">\n\t\t\t\t\t\t\t<div class=\"elementor-spacer\">\n\t\t\t<div class=\"elementor-spacer-inner\"><\/div>\n\t\t<\/div>\n\t\t\t\t\t\t<\/div>\n\t\t\t\t<\/div>\n\t\t\t\t<\/div>\n\t\t<div class=\"elementor-element elementor-element-e735f71 e-con-full e-flex cmsmasters-block-default e-con e-child\" data-id=\"e735f71\" data-element_type=\"container\" data-e-type=\"container\" data-settings=\"{&quot;background_background&quot;:&quot;classic&quot;}\">\n\t\t\t\t<div class=\"elementor-element elementor-element-1287c1e elementor-widget__width-initial cmsmasters-block-default cmsmasters-sticky-default elementor-widget elementor-widget-heading\" data-id=\"1287c1e\" data-element_type=\"widget\" data-e-type=\"widget\" data-widget_type=\"heading.default\">\n\t\t\t\t<div class=\"elementor-widget-container\">\n\t\t\t\t\t<h1 class=\"elementor-heading-title elementor-size-default\">Nuestras Especialidades<\/h1>\t\t\t\t<\/div>\n\t\t\t\t<\/div>\n\t\t\t\t<div class=\"elementor-element elementor-element-d9a8f05 elementor-widget__width-initial cmsmasters-block-default cmsmasters-sticky-default elementor-widget elementor-widget-text-editor\" data-id=\"d9a8f05\" data-element_type=\"widget\" data-e-type=\"widget\" data-widget_type=\"text-editor.default\">\n\t\t\t\t<div class=\"elementor-widget-container\">\n\t\t\t\t\t\t\t\t\tContamos con un amplio portafolio de especialidades m\u00e9dicas, pensado para cuidar de toda la familia, desde ni\u00f1os hasta adultos mayores. Nuestro equipo de especialistas altamente calificados est\u00e1 listo para ofrecer diagn\u00f3stico, tratamiento y seguimiento en cada \u00e1rea de la salud, asegurando que cada paciente reciba la mejor atenci\u00f3n posible.\t\t\t\t\t\t\t\t<\/div>\n\t\t\t\t<\/div>\n\t\t\t\t<\/div>\n\t\t\t\t\t<\/div>\n\t\t\t\t<\/div>\n\t\t<section class=\"elementor-element elementor-element-c943f97 e-con-full e-flex cmsmasters-block-default e-con e-parent\" data-id=\"c943f97\" data-element_type=\"container\" data-e-type=\"container\">\n\t\t<div class=\"elementor-element elementor-element-0863769 e-flex e-con-boxed cmsmasters-block-default e-con e-child\" data-id=\"0863769\" data-element_type=\"container\" data-e-type=\"container\">\n\t\t\t\t\t<div class=\"e-con-inner\">\n\t\t<div class=\"elementor-element elementor-element-3e575a5 e-flex e-con-boxed cmsmasters-block-default e-con e-child\" data-id=\"3e575a5\" data-element_type=\"container\" data-e-type=\"container\">\n\t\t\t\t\t<div class=\"e-con-inner\">\n\t\t\t\t<div class=\"elementor-element elementor-element-5762c4e elementor-widget__width-initial cmsmasters-effect cmsmasters-effect-type-floating cmsmasters-block-default cmsmasters-sticky-default elementor-invisible elementor-widget elementor-widget-image\" data-id=\"5762c4e\" data-element_type=\"widget\" data-e-type=\"widget\" data-settings=\"{&quot;_animation&quot;:&quot;zoomIn&quot;,&quot;cms_floating_translate_toggle&quot;:&quot;yes&quot;,&quot;cms_floating_translate_x&quot;:{&quot;unit&quot;:&quot;px&quot;,&quot;size&quot;:&quot;&quot;,&quot;sizes&quot;:{&quot;from&quot;:0,&quot;to&quot;:0}},&quot;cms_floating_translate_y&quot;:{&quot;unit&quot;:&quot;px&quot;,&quot;size&quot;:&quot;&quot;,&quot;sizes&quot;:{&quot;from&quot;:-15,&quot;to&quot;:5}},&quot;cms_floating_translate_delay&quot;:{&quot;unit&quot;:&quot;px&quot;,&quot;size&quot;:&quot;&quot;,&quot;sizes&quot;:[]},&quot;cms_floating_duration&quot;:{&quot;unit&quot;:&quot;px&quot;,&quot;size&quot;:1.5,&quot;sizes&quot;:[]}}\" data-widget_type=\"image.default\">\n\t\t\t\t<div class=\"elementor-widget-container\">\n\t\t\t\t\t\t\t\t\t\t\t\t\t\t\t<img loading=\"lazy\" decoding=\"async\" loading=\"lazy\" width=\"292\" height=\"300\" src=\"https:\/\/centromedicotropicana.com\/wp-content\/uploads\/2023\/10\/LOGO-Tropicana-normal-nuevo-08-292x300.png\" class=\"attachment-medium size-medium wp-image-2389\" alt=\"Favicon Tropicana\" srcset=\"https:\/\/centromedicotropicana.com\/wp-content\/uploads\/2023\/10\/LOGO-Tropicana-normal-nuevo-08-292x300.png 292w, https:\/\/centromedicotropicana.com\/wp-content\/uploads\/2023\/10\/LOGO-Tropicana-normal-nuevo-08-430x441.png 430w, https:\/\/centromedicotropicana.com\/wp-content\/uploads\/2023\/10\/LOGO-Tropicana-normal-nuevo-08-700x718.png 700w, https:\/\/centromedicotropicana.com\/wp-content\/uploads\/2023\/10\/LOGO-Tropicana-normal-nuevo-08-998x1024.png 998w, https:\/\/centromedicotropicana.com\/wp-content\/uploads\/2023\/10\/LOGO-Tropicana-normal-nuevo-08-768x788.png 768w, https:\/\/centromedicotropicana.com\/wp-content\/uploads\/2023\/10\/LOGO-Tropicana-normal-nuevo-08-1497x1536.png 1497w, https:\/\/centromedicotropicana.com\/wp-content\/uploads\/2023\/10\/LOGO-Tropicana-normal-nuevo-08-1568x1609.png 1568w, https:\/\/centromedicotropicana.com\/wp-content\/uploads\/2023\/10\/LOGO-Tropicana-normal-nuevo-08.png 1751w\" sizes=\"auto, (max-width: 292px) 100vw, 292px\" \/>\t\t\t\t\t\t\t\t\t\t\t\t\t\t\t<\/div>\n\t\t\t\t<\/div>\n\t\t\t\t\t<\/div>\n\t\t\t\t<\/div>\n\t\t\t\t\t<\/div>\n\t\t\t\t<\/div>\n\t\t\t\t<\/section>\n\t\t<div class=\"elementor-element elementor-element-ceabacc e-flex e-con-boxed cmsmasters-block-default e-con e-parent\" data-id=\"ceabacc\" data-element_type=\"container\" data-e-type=\"container\">\n\t\t\t\t\t<div class=\"e-con-inner\">\n\t\t\t\t<div class=\"elementor-element elementor-element-945f004 cmsmasters-block-default cmsmasters-sticky-default elementor-widget elementor-widget-heading\" data-id=\"945f004\" data-element_type=\"widget\" data-e-type=\"widget\" data-widget_type=\"heading.default\">\n\t\t\t\t<div class=\"elementor-widget-container\">\n\t\t\t\t\t<h3 class=\"elementor-heading-title elementor-size-default\">Especialidades M\u00e9dicas<\/h3>\t\t\t\t<\/div>\n\t\t\t\t<\/div>\n\t\t\t\t\t<\/div>\n\t\t\t\t<\/div>\n\t\t<article class=\"elementor-element elementor-element-866e9bc e-flex e-con-boxed cmsmasters-block-default e-con e-child\" data-id=\"866e9bc\" data-element_type=\"container\" data-e-type=\"container\">\n\t\t\t\t\t<div class=\"e-con-inner\">\n\t\t<div class=\"elementor-element elementor-element-8aec0cf e-con-full e-flex cmsmasters-block-default e-con e-child\" data-id=\"8aec0cf\" data-element_type=\"container\" data-e-type=\"container\">\n\t\t<div class=\"elementor-element elementor-element-94b0a53 e-grid e-con-full cmsmasters-block-default e-con e-child\" data-id=\"94b0a53\" data-element_type=\"container\" data-e-type=\"container\">\n\t\t\t\t<div class=\"elementor-element elementor-element-415d20b cmsmasters-featured-box__graphic-align-left cmsmasters-featured-box__text-valign-stretch cmsmasters-effect cmsmasters-effect-type-transform cmsmasters-featured-box__both cmsmasters-effect-hover-type-element cmsmasters-block-default cmsmasters-sticky-default elementor-widget elementor-widget-cmsmasters-featured-box\" data-id=\"415d20b\" data-element_type=\"widget\" data-e-type=\"widget\" data-settings=\"{&quot;cms_transform_hover_type&quot;:&quot;element&quot;}\" data-widget_type=\"cmsmasters-featured-box.default\">\n\t\t\t\t<div class=\"elementor-widget-container\">\n\t\t\t\t\t<a href=\"https:\/\/centromedicotropicana.com\/odontologia\/\" class=\"elementor-widget-cmsmasters-featured-box__wrapper\"><span class=\"elementor-widget-cmsmasters-featured-box__overlay\"><\/span><div class=\"elementor-widget-cmsmasters-featured-box__content\">\n\t\t\t\t<div class=\"elementor-widget-cmsmasters-featured-box__content-vertical-inner\"><div class=\"elementor-widget-cmsmasters-featured-box__type-wrap elementor-widget-cmsmasters-featured-box__content-item\"><h3 class=\"elementor-widget-cmsmasters-featured-box__title elementor-widget-cmsmasters-featured-box__content-item\">Odontolog\u00eda<\/h3><div class=\"elementor-widget-cmsmasters-featured-box__button-wrapper elementor-widget-cmsmasters-featured-box__content-item\">\n\t\t\t\t<span class=\"elementor-widget-cmsmasters-featured-box__button elementor-widget-cmsmasters-featured-box__content-item cmsmasters-theme-button elementor-widget-cmsmasters-featured-box__button-icon-stretch elementor-widget-cmsmasters-featured-box__button-icon-reverse\"><span class=\"elementor-widget-cmsmasters-featured-box__button-icon-default elementor-widget-cmsmasters-featured-box__button-icon- elementor-widget-cmsmasters-featured-box__button-icon\"><i aria-hidden=\"true\" class=\"cmsmsdemo-icon- cmsms-demo-icon-arrow-curved\"><\/i><\/span>Ver m\u00e1s<\/span>\n\t\t\t<\/div><\/div>\n\t\t\t\t<\/div>\n\t\t\t<\/div>\n\t\t<\/a>\t\t\t\t<\/div>\n\t\t\t\t<\/div>\n\t\t\t\t<div class=\"elementor-element elementor-element-7da6635 cmsmasters-featured-box__graphic-align-left cmsmasters-featured-box__text-valign-stretch cmsmasters-effect cmsmasters-effect-type-transform cmsmasters-featured-box__both cmsmasters-effect-hover-type-element cmsmasters-block-default cmsmasters-sticky-default elementor-widget elementor-widget-cmsmasters-featured-box\" data-id=\"7da6635\" data-element_type=\"widget\" data-e-type=\"widget\" data-settings=\"{&quot;cms_transform_hover_type&quot;:&quot;element&quot;}\" data-widget_type=\"cmsmasters-featured-box.default\">\n\t\t\t\t<div class=\"elementor-widget-container\">\n\t\t\t\t\t<a href=\"https:\/\/centromedicotropicana.com\/cardiologia\/\" class=\"elementor-widget-cmsmasters-featured-box__wrapper\"><span class=\"elementor-widget-cmsmasters-featured-box__overlay\"><\/span><div class=\"elementor-widget-cmsmasters-featured-box__content\">\n\t\t\t\t<div class=\"elementor-widget-cmsmasters-featured-box__content-vertical-inner\"><div class=\"elementor-widget-cmsmasters-featured-box__type-wrap elementor-widget-cmsmasters-featured-box__content-item\"><h3 class=\"elementor-widget-cmsmasters-featured-box__title elementor-widget-cmsmasters-featured-box__content-item\">Cardiolog\u00eda<\/h3><div class=\"elementor-widget-cmsmasters-featured-box__button-wrapper elementor-widget-cmsmasters-featured-box__content-item\">\n\t\t\t\t<span class=\"elementor-widget-cmsmasters-featured-box__button elementor-widget-cmsmasters-featured-box__content-item cmsmasters-theme-button elementor-widget-cmsmasters-featured-box__button-icon-stretch elementor-widget-cmsmasters-featured-box__button-icon-reverse\"><span class=\"elementor-widget-cmsmasters-featured-box__button-icon-default elementor-widget-cmsmasters-featured-box__button-icon- elementor-widget-cmsmasters-featured-box__button-icon\"><i aria-hidden=\"true\" class=\"cmsmsdemo-icon- cmsms-demo-icon-arrow-curved\"><\/i><\/span>Ver m\u00e1s<\/span>\n\t\t\t<\/div><\/div>\n\t\t\t\t<\/div>\n\t\t\t<\/div>\n\t\t<\/a>\t\t\t\t<\/div>\n\t\t\t\t<\/div>\n\t\t\t\t<div class=\"elementor-element elementor-element-644b38b cmsmasters-featured-box__graphic-align-left cmsmasters-featured-box__text-valign-stretch cmsmasters-effect cmsmasters-effect-type-transform cmsmasters-featured-box__both cmsmasters-effect-hover-type-element cmsmasters-block-default cmsmasters-sticky-default elementor-widget elementor-widget-cmsmasters-featured-box\" data-id=\"644b38b\" data-element_type=\"widget\" data-e-type=\"widget\" data-settings=\"{&quot;cms_transform_hover_type&quot;:&quot;element&quot;}\" data-widget_type=\"cmsmasters-featured-box.default\">\n\t\t\t\t<div class=\"elementor-widget-container\">\n\t\t\t\t\t<a href=\"https:\/\/centromedicotropicana.com\/ginecologia\/\" class=\"elementor-widget-cmsmasters-featured-box__wrapper\"><span class=\"elementor-widget-cmsmasters-featured-box__overlay\"><\/span><div class=\"elementor-widget-cmsmasters-featured-box__content\">\n\t\t\t\t<div class=\"elementor-widget-cmsmasters-featured-box__content-vertical-inner\"><div class=\"elementor-widget-cmsmasters-featured-box__type-wrap elementor-widget-cmsmasters-featured-box__content-item\"><h3 class=\"elementor-widget-cmsmasters-featured-box__title elementor-widget-cmsmasters-featured-box__content-item\">Ginecolog\u00eda<\/h3><div class=\"elementor-widget-cmsmasters-featured-box__button-wrapper elementor-widget-cmsmasters-featured-box__content-item\">\n\t\t\t\t<span class=\"elementor-widget-cmsmasters-featured-box__button elementor-widget-cmsmasters-featured-box__content-item cmsmasters-theme-button elementor-widget-cmsmasters-featured-box__button-icon-stretch elementor-widget-cmsmasters-featured-box__button-icon-reverse\"><span class=\"elementor-widget-cmsmasters-featured-box__button-icon-default elementor-widget-cmsmasters-featured-box__button-icon- elementor-widget-cmsmasters-featured-box__button-icon\"><i aria-hidden=\"true\" class=\"cmsmsdemo-icon- cmsms-demo-icon-arrow-curved\"><\/i><\/span>Ver m\u00e1s<\/span>\n\t\t\t<\/div><\/div>\n\t\t\t\t<\/div>\n\t\t\t<\/div>\n\t\t<\/a>\t\t\t\t<\/div>\n\t\t\t\t<\/div>\n\t\t\t\t<div class=\"elementor-element elementor-element-5ebeda8 cmsmasters-featured-box__graphic-align-left cmsmasters-featured-box__text-valign-stretch cmsmasters-effect cmsmasters-effect-type-transform cmsmasters-featured-box__both cmsmasters-effect-hover-type-element cmsmasters-block-default cmsmasters-sticky-default elementor-widget elementor-widget-cmsmasters-featured-box\" data-id=\"5ebeda8\" data-element_type=\"widget\" data-e-type=\"widget\" data-settings=\"{&quot;cms_transform_hover_type&quot;:&quot;element&quot;}\" data-widget_type=\"cmsmasters-featured-box.default\">\n\t\t\t\t<div class=\"elementor-widget-container\">\n\t\t\t\t\t<a href=\"https:\/\/centromedicotropicana.com\/psicologia\/\" class=\"elementor-widget-cmsmasters-featured-box__wrapper\"><span class=\"elementor-widget-cmsmasters-featured-box__overlay\"><\/span><div class=\"elementor-widget-cmsmasters-featured-box__content\">\n\t\t\t\t<div class=\"elementor-widget-cmsmasters-featured-box__content-vertical-inner\"><div class=\"elementor-widget-cmsmasters-featured-box__type-wrap elementor-widget-cmsmasters-featured-box__content-item\"><h3 class=\"elementor-widget-cmsmasters-featured-box__title elementor-widget-cmsmasters-featured-box__content-item\">Psicolog\u00eda<\/h3><div class=\"elementor-widget-cmsmasters-featured-box__button-wrapper elementor-widget-cmsmasters-featured-box__content-item\">\n\t\t\t\t<span class=\"elementor-widget-cmsmasters-featured-box__button elementor-widget-cmsmasters-featured-box__content-item cmsmasters-theme-button elementor-widget-cmsmasters-featured-box__button-icon-stretch elementor-widget-cmsmasters-featured-box__button-icon-reverse\"><span class=\"elementor-widget-cmsmasters-featured-box__button-icon-default elementor-widget-cmsmasters-featured-box__button-icon- elementor-widget-cmsmasters-featured-box__button-icon\"><i aria-hidden=\"true\" class=\"cmsmsdemo-icon- cmsms-demo-icon-arrow-curved\"><\/i><\/span>Ver m\u00e1s<\/span>\n\t\t\t<\/div><\/div>\n\t\t\t\t<\/div>\n\t\t\t<\/div>\n\t\t<\/a>\t\t\t\t<\/div>\n\t\t\t\t<\/div>\n\t\t\t\t<div class=\"elementor-element elementor-element-3740981 cmsmasters-featured-box__graphic-align-left cmsmasters-featured-box__text-valign-stretch cmsmasters-effect cmsmasters-effect-type-transform cmsmasters-featured-box__both cmsmasters-effect-hover-type-element cmsmasters-block-default cmsmasters-sticky-default elementor-widget elementor-widget-cmsmasters-featured-box\" data-id=\"3740981\" data-element_type=\"widget\" data-e-type=\"widget\" data-settings=\"{&quot;cms_transform_hover_type&quot;:&quot;element&quot;}\" data-widget_type=\"cmsmasters-featured-box.default\">\n\t\t\t\t<div class=\"elementor-widget-container\">\n\t\t\t\t\t<a href=\"https:\/\/centromedicotropicana.com\/medicina-vascular\/\" class=\"elementor-widget-cmsmasters-featured-box__wrapper\"><span class=\"elementor-widget-cmsmasters-featured-box__overlay\"><\/span><div class=\"elementor-widget-cmsmasters-featured-box__content\">\n\t\t\t\t<div class=\"elementor-widget-cmsmasters-featured-box__content-vertical-inner\"><div class=\"elementor-widget-cmsmasters-featured-box__type-wrap elementor-widget-cmsmasters-featured-box__content-item\"><h3 class=\"elementor-widget-cmsmasters-featured-box__title elementor-widget-cmsmasters-featured-box__content-item\">Medicina Vascular<\/h3><div class=\"elementor-widget-cmsmasters-featured-box__button-wrapper elementor-widget-cmsmasters-featured-box__content-item\">\n\t\t\t\t<span class=\"elementor-widget-cmsmasters-featured-box__button elementor-widget-cmsmasters-featured-box__content-item cmsmasters-theme-button elementor-widget-cmsmasters-featured-box__button-icon-stretch elementor-widget-cmsmasters-featured-box__button-icon-reverse\"><span class=\"elementor-widget-cmsmasters-featured-box__button-icon-default elementor-widget-cmsmasters-featured-box__button-icon- elementor-widget-cmsmasters-featured-box__button-icon\"><i aria-hidden=\"true\" class=\"cmsmsdemo-icon- cmsms-demo-icon-arrow-curved\"><\/i><\/span>Ver m\u00e1s<\/span>\n\t\t\t<\/div><\/div>\n\t\t\t\t<\/div>\n\t\t\t<\/div>\n\t\t<\/a>\t\t\t\t<\/div>\n\t\t\t\t<\/div>\n\t\t\t\t<div class=\"elementor-element elementor-element-5b89d66 cmsmasters-featured-box__graphic-align-left cmsmasters-featured-box__text-valign-stretch cmsmasters-effect cmsmasters-effect-type-transform cmsmasters-featured-box__both cmsmasters-effect-hover-type-element cmsmasters-block-default cmsmasters-sticky-default elementor-widget elementor-widget-cmsmasters-featured-box\" data-id=\"5b89d66\" data-element_type=\"widget\" data-e-type=\"widget\" data-settings=\"{&quot;cms_transform_hover_type&quot;:&quot;element&quot;}\" data-widget_type=\"cmsmasters-featured-box.default\">\n\t\t\t\t<div class=\"elementor-widget-container\">\n\t\t\t\t\t<a href=\"https:\/\/centromedicotropicana.com\/medicina-alternativa-y-regenerativa\/\" class=\"elementor-widget-cmsmasters-featured-box__wrapper\"><span class=\"elementor-widget-cmsmasters-featured-box__overlay\"><\/span><div class=\"elementor-widget-cmsmasters-featured-box__content\">\n\t\t\t\t<div class=\"elementor-widget-cmsmasters-featured-box__content-vertical-inner\"><div class=\"elementor-widget-cmsmasters-featured-box__type-wrap elementor-widget-cmsmasters-featured-box__content-item\"><h3 class=\"elementor-widget-cmsmasters-featured-box__title elementor-widget-cmsmasters-featured-box__content-item\">Medicina Alternativa y Regenerativa<\/h3><div class=\"elementor-widget-cmsmasters-featured-box__button-wrapper elementor-widget-cmsmasters-featured-box__content-item\">\n\t\t\t\t<span class=\"elementor-widget-cmsmasters-featured-box__button elementor-widget-cmsmasters-featured-box__content-item cmsmasters-theme-button elementor-widget-cmsmasters-featured-box__button-icon-stretch elementor-widget-cmsmasters-featured-box__button-icon-reverse\"><span class=\"elementor-widget-cmsmasters-featured-box__button-icon-default elementor-widget-cmsmasters-featured-box__button-icon- elementor-widget-cmsmasters-featured-box__button-icon\"><i aria-hidden=\"true\" class=\"cmsmsdemo-icon- cmsms-demo-icon-arrow-curved\"><\/i><\/span>Ver m\u00e1s<\/span>\n\t\t\t<\/div><\/div>\n\t\t\t\t<\/div>\n\t\t\t<\/div>\n\t\t<\/a>\t\t\t\t<\/div>\n\t\t\t\t<\/div>\n\t\t\t\t<div class=\"elementor-element elementor-element-97fac7d cmsmasters-featured-box__graphic-align-left cmsmasters-featured-box__text-valign-stretch cmsmasters-effect cmsmasters-effect-type-transform cmsmasters-featured-box__both cmsmasters-effect-hover-type-element cmsmasters-block-default cmsmasters-sticky-default elementor-widget elementor-widget-cmsmasters-featured-box\" data-id=\"97fac7d\" data-element_type=\"widget\" data-e-type=\"widget\" data-settings=\"{&quot;cms_transform_hover_type&quot;:&quot;element&quot;}\" data-widget_type=\"cmsmasters-featured-box.default\">\n\t\t\t\t<div class=\"elementor-widget-container\">\n\t\t\t\t\t<a href=\"https:\/\/centromedicotropicana.com\/terapia-de-lenguaje\/\" class=\"elementor-widget-cmsmasters-featured-box__wrapper\"><span class=\"elementor-widget-cmsmasters-featured-box__overlay\"><\/span><div class=\"elementor-widget-cmsmasters-featured-box__content\">\n\t\t\t\t<div class=\"elementor-widget-cmsmasters-featured-box__content-vertical-inner\"><div class=\"elementor-widget-cmsmasters-featured-box__type-wrap elementor-widget-cmsmasters-featured-box__content-item\"><h3 class=\"elementor-widget-cmsmasters-featured-box__title elementor-widget-cmsmasters-featured-box__content-item\">Terapia de Lenguaje<\/h3><div class=\"elementor-widget-cmsmasters-featured-box__button-wrapper elementor-widget-cmsmasters-featured-box__content-item\">\n\t\t\t\t<span class=\"elementor-widget-cmsmasters-featured-box__button elementor-widget-cmsmasters-featured-box__content-item cmsmasters-theme-button elementor-widget-cmsmasters-featured-box__button-icon-stretch elementor-widget-cmsmasters-featured-box__button-icon-reverse\"><span class=\"elementor-widget-cmsmasters-featured-box__button-icon-default elementor-widget-cmsmasters-featured-box__button-icon- elementor-widget-cmsmasters-featured-box__button-icon\"><i aria-hidden=\"true\" class=\"cmsmsdemo-icon- cmsms-demo-icon-arrow-curved\"><\/i><\/span>Ver m\u00e1s<\/span>\n\t\t\t<\/div><\/div>\n\t\t\t\t<\/div>\n\t\t\t<\/div>\n\t\t<\/a>\t\t\t\t<\/div>\n\t\t\t\t<\/div>\n\t\t\t\t<\/div>\n\t\t\t\t<\/div>\n\t\t\t\t\t<\/div>\n\t\t\t\t<\/article>\n\t\t\t\t<\/div>\n\t\t","protected":false},"excerpt":{"rendered":"<p>Nuestras Especialidades Contamos con un amplio portafolio de especialidades m\u00e9dicas, pensado para cuidar de toda la familia, desde ni\u00f1os hasta adultos mayores. Nuestro equipo de especialistas altamente calificados est\u00e1 listo para ofrecer diagn\u00f3stico, tratamiento y seguimiento en cada \u00e1rea de la salud, asegurando que cada paciente reciba la mejor atenci\u00f3n posible. Especialidades M\u00e9dicas Odontolog\u00eda Ver&#8230;<\/p>","protected":false},"author":3,"featured_media":0,"parent":0,"menu_order":0,"comment_status":"closed","ping_status":"closed","template":"elementor_header_footer","meta":{"_acf_changed":false,"nf_dc_page":"","footnotes":""},"class_list":["post-50","page","type-page","status-publish","hentry"],"acf":[],"_links":{"self":[{"href":"https:\/\/centromedicotropicana.com\/en\/wp-json\/wp\/v2\/pages\/50","targetHints":{"allow":["GET"]}}],"collection":[{"href":"https:\/\/centromedicotropicana.com\/en\/wp-json\/wp\/v2\/pages"}],"about":[{"href":"https:\/\/centromedicotropicana.com\/en\/wp-json\/wp\/v2\/types\/page"}],"author":[{"embeddable":true,"href":"https:\/\/centromedicotropicana.com\/en\/wp-json\/wp\/v2\/users\/3"}],"replies":[{"embeddable":true,"href":"https:\/\/centromedicotropicana.com\/en\/wp-json\/wp\/v2\/comments?post=50"}],"version-history":[{"count":0,"href":"https:\/\/centromedicotropicana.com\/en\/wp-json\/wp\/v2\/pages\/50\/revisions"}],"wp:attachment":[{"href":"https:\/\/centromedicotropicana.com\/en\/wp-json\/wp\/v2\/media?parent=50"}],"curies":[{"name":"wp","href":"https:\/\/api.w.org\/{rel}","templated":true}]}}