{"id":2753,"date":"2024-02-28T22:48:08","date_gmt":"2024-02-28T22:48:08","guid":{"rendered":"https:\/\/centromedicotropicana.com\/?page_id=2753"},"modified":"2025-11-05T11:12:34","modified_gmt":"2025-11-05T17:12:34","slug":"dental-surgeries","status":"publish","type":"page","link":"https:\/\/centromedicotropicana.com\/en\/dental-surgeries\/","title":{"rendered":"Dental surgeries"},"content":{"rendered":"<div data-elementor-type=\"wp-page\" data-elementor-id=\"2753\" class=\"elementor elementor-2753\" data-elementor-post-type=\"page\">\n\t\t\t\t<div class=\"elementor-element elementor-element-0fbbcb3 e-flex e-con-boxed cmsmasters-block-default e-con e-parent\" data-id=\"0fbbcb3\" data-element_type=\"container\" data-e-type=\"container\">\n\t\t\t\t\t<div class=\"e-con-inner\">\n\t\t<div class=\"elementor-element elementor-element-6829156 e-con-full e-flex cmsmasters-bg-hide-none cmsmasters-bg-hide-none cmsmasters-block-default e-con e-child\" data-id=\"6829156\" data-element_type=\"container\" data-e-type=\"container\" data-settings=\"{&quot;background_background&quot;:&quot;classic&quot;}\">\n\t\t\t\t<div class=\"elementor-element elementor-element-9c2d9bf cmsmasters-block-default cmsmasters-sticky-default elementor-widget elementor-widget-spacer\" data-id=\"9c2d9bf\" data-element_type=\"widget\" data-e-type=\"widget\" data-widget_type=\"spacer.default\">\n\t\t\t\t<div class=\"elementor-widget-container\">\n\t\t\t\t\t\t\t<div class=\"elementor-spacer\">\n\t\t\t<div class=\"elementor-spacer-inner\"><\/div>\n\t\t<\/div>\n\t\t\t\t\t\t<\/div>\n\t\t\t\t<\/div>\n\t\t\t\t<\/div>\n\t\t<div class=\"elementor-element elementor-element-e0ea622 e-con-full e-flex cmsmasters-block-default e-con e-child\" data-id=\"e0ea622\" data-element_type=\"container\" data-e-type=\"container\" data-settings=\"{&quot;background_background&quot;:&quot;classic&quot;}\">\n\t\t\t\t<div class=\"elementor-element elementor-element-46f00a7 elementor-widget__width-initial cmsmasters-block-default cmsmasters-sticky-default elementor-widget elementor-widget-heading\" data-id=\"46f00a7\" data-element_type=\"widget\" data-e-type=\"widget\" data-widget_type=\"heading.default\">\n\t\t\t\t<div class=\"elementor-widget-container\">\n\t\t\t\t\t<h1 class=\"elementor-heading-title elementor-size-default\">Dental surgeries<\/h1>\t\t\t\t<\/div>\n\t\t\t\t<\/div>\n\t\t\t\t<div class=\"elementor-element elementor-element-3382b12 elementor-widget__width-initial cmsmasters-block-default cmsmasters-sticky-default elementor-widget elementor-widget-text-editor\" data-id=\"3382b12\" data-element_type=\"widget\" data-e-type=\"widget\" data-widget_type=\"text-editor.default\">\n\t\t\t\t<div class=\"elementor-widget-container\">\n\t\t\t\t\t\t\t\t\tOur dental surgery service is dedicated to providing advanced surgical treatments to solve a wide variety of oral health problems. We have a team of highly trained specialists and state-of-the-art technology to ensure safe and effective procedures. Learn about the different options we offer in dental surgeries.\t\t\t\t\t\t\t\t<\/div>\n\t\t\t\t<\/div>\n\t\t\t\t<\/div>\n\t\t\t\t\t<\/div>\n\t\t\t\t<\/div>\n\t\t<section class=\"elementor-element elementor-element-ebec49e e-con-full e-flex cmsmasters-block-default e-con e-parent\" data-id=\"ebec49e\" data-element_type=\"container\" data-e-type=\"container\">\n\t\t<div class=\"elementor-element elementor-element-c914ae8 e-flex e-con-boxed cmsmasters-block-default e-con e-child\" data-id=\"c914ae8\" data-element_type=\"container\" data-e-type=\"container\">\n\t\t\t\t\t<div class=\"e-con-inner\">\n\t\t<div class=\"elementor-element elementor-element-2bd46c1 e-flex e-con-boxed cmsmasters-block-default e-con e-child\" data-id=\"2bd46c1\" data-element_type=\"container\" data-e-type=\"container\">\n\t\t\t\t\t<div class=\"e-con-inner\">\n\t\t\t\t<div class=\"elementor-element elementor-element-d4a1bc6 elementor-widget__width-initial cmsmasters-effect cmsmasters-effect-type-floating cmsmasters-block-default cmsmasters-sticky-default elementor-invisible elementor-widget elementor-widget-image\" data-id=\"d4a1bc6\" data-element_type=\"widget\" data-e-type=\"widget\" data-settings=\"{&quot;_animation&quot;:&quot;zoomIn&quot;,&quot;cms_floating_translate_toggle&quot;:&quot;yes&quot;,&quot;cms_floating_translate_x&quot;:{&quot;unit&quot;:&quot;px&quot;,&quot;size&quot;:&quot;&quot;,&quot;sizes&quot;:{&quot;from&quot;:0,&quot;to&quot;:0}},&quot;cms_floating_translate_y&quot;:{&quot;unit&quot;:&quot;px&quot;,&quot;size&quot;:&quot;&quot;,&quot;sizes&quot;:{&quot;from&quot;:-15,&quot;to&quot;:5}},&quot;cms_floating_translate_delay&quot;:{&quot;unit&quot;:&quot;px&quot;,&quot;size&quot;:&quot;&quot;,&quot;sizes&quot;:[]},&quot;cms_floating_duration&quot;:{&quot;unit&quot;:&quot;px&quot;,&quot;size&quot;:1.5,&quot;sizes&quot;:[]}}\" data-widget_type=\"image.default\">\n\t\t\t\t<div class=\"elementor-widget-container\">\n\t\t\t\t\t\t\t\t\t\t\t\t\t\t\t<img loading=\"lazy\" decoding=\"async\" width=\"292\" height=\"300\" src=\"https:\/\/centromedicotropicana.com\/wp-content\/uploads\/2023\/10\/LOGO-Tropicana-normal-nuevo-08-292x300.png\" class=\"attachment-medium size-medium wp-image-2389\" alt=\"Tropicana Favicon\" srcset=\"https:\/\/centromedicotropicana.com\/wp-content\/uploads\/2023\/10\/LOGO-Tropicana-normal-nuevo-08-292x300.png 292w, https:\/\/centromedicotropicana.com\/wp-content\/uploads\/2023\/10\/LOGO-Tropicana-normal-nuevo-08-430x441.png 430w, https:\/\/centromedicotropicana.com\/wp-content\/uploads\/2023\/10\/LOGO-Tropicana-normal-nuevo-08-700x718.png 700w, https:\/\/centromedicotropicana.com\/wp-content\/uploads\/2023\/10\/LOGO-Tropicana-normal-nuevo-08-998x1024.png 998w, https:\/\/centromedicotropicana.com\/wp-content\/uploads\/2023\/10\/LOGO-Tropicana-normal-nuevo-08-768x788.png 768w, https:\/\/centromedicotropicana.com\/wp-content\/uploads\/2023\/10\/LOGO-Tropicana-normal-nuevo-08-1497x1536.png 1497w, https:\/\/centromedicotropicana.com\/wp-content\/uploads\/2023\/10\/LOGO-Tropicana-normal-nuevo-08-1568x1609.png 1568w, https:\/\/centromedicotropicana.com\/wp-content\/uploads\/2023\/10\/LOGO-Tropicana-normal-nuevo-08.png 1751w\" sizes=\"auto, (max-width: 292px) 100vw, 292px\" \/>\t\t\t\t\t\t\t\t\t\t\t\t\t\t\t<\/div>\n\t\t\t\t<\/div>\n\t\t\t\t<div class=\"elementor-element elementor-element-38cb318 cmsmasters-block-default cmsmasters-sticky-default elementor-widget elementor-widget-heading\" data-id=\"38cb318\" data-element_type=\"widget\" data-e-type=\"widget\" data-widget_type=\"heading.default\">\n\t\t\t\t<div class=\"elementor-widget-container\">\n\t\t\t\t\t<h3 class=\"elementor-heading-title elementor-size-default\">Recommended Treatments<\/h3>\t\t\t\t<\/div>\n\t\t\t\t<\/div>\n\t\t\t\t\t<\/div>\n\t\t\t\t<\/div>\n\t\t\t\t\t<\/div>\n\t\t\t\t<\/div>\n\t\t\t\t<\/section>\n\t\t<section class=\"elementor-element elementor-element-c5d7c9e e-flex e-con-boxed cmsmasters-block-default e-con e-parent\" data-id=\"c5d7c9e\" data-element_type=\"container\" data-e-type=\"container\">\n\t\t\t\t\t<div class=\"e-con-inner\">\n\t\t<div class=\"elementor-element elementor-element-a42e30c e-grid e-con-full cmsmasters-block-default e-con e-child\" data-id=\"a42e30c\" data-element_type=\"container\" data-e-type=\"container\">\n\t\t\t\t<div class=\"elementor-element elementor-element-bf298bb cmsmasters-feature-box__title-position-yes cmsmasters-featured-box__button-border-none cmsmasters-feature-box__title-position-tablet-yes cmsmasters-effect cmsmasters-effect-type-transform cmsmasters-featured-box__graphic-align-center cmsmasters-featured-box__image_fit-none cmsmasters-featured-box__graphic-position-column cmsmasters-featured-box__graphic-position-tablet-column cmsmasters-featured-box__graphic-position-mobile-column cmsmasters-featured-box__both cmsmasters-featured-box__text-valign-middle cmsmasters-effect-hover-type-element cmsmasters-block-default cmsmasters-sticky-default elementor-widget elementor-widget-cmsmasters-featured-box\" data-id=\"bf298bb\" data-element_type=\"widget\" data-e-type=\"widget\" data-settings=\"{&quot;cms_transform_hover_type&quot;:&quot;element&quot;}\" data-widget_type=\"cmsmasters-featured-box.default\">\n\t\t\t\t<div class=\"elementor-widget-container\">\n\t\t\t\t\t<a href=\"https:\/\/centromedicotropicana.com\/en\/dental-surgeries\/dental-implants\/\" class=\"elementor-widget-cmsmasters-featured-box__wrapper\"><div class=\"elementor-widget-cmsmasters-featured-box__content\">\n\t\t\t\t<div class=\"elementor-widget-cmsmasters-featured-box__content-vertical-inner\"><div class=\"elementor-widget-cmsmasters-featured-box__graphic-wrapper elementor-widget-cmsmasters-featured-box__content-item elementor-widget-cmsmasters-featured-box__image\"><h2 class=\"elementor-widget-cmsmasters-featured-box__title elementor-widget-cmsmasters-featured-box__content-item\">Placement of dental implants<\/h2><figure class=\"elementor-widget-cmsmasters-featured-box__image-wrap elementor-widget-cmsmasters-featured-box__graphic-item\"><img loading=\"lazy\" decoding=\"async\" width=\"512\" height=\"512\" src=\"https:\/\/centromedicotropicana.com\/wp-content\/uploads\/2025\/07\/implante.svg\" class=\"attachment-medium size-medium wp-image-41057\" alt=\"\" \/><\/figure><\/div><div class=\"elementor-widget-cmsmasters-featured-box__type-wrap elementor-widget-cmsmasters-featured-box__content-item\"><h2 class=\"elementor-widget-cmsmasters-featured-box__title elementor-widget-cmsmasters-featured-box__content-item\">Placement of dental implants<\/h2><div class=\"elementor-widget-cmsmasters-featured-box__description elementor-widget-cmsmasters-featured-box__content-item\">Smile again, with affordable, quality dental implants.<\/div><div class=\"elementor-widget-cmsmasters-featured-box__button-wrapper elementor-widget-cmsmasters-featured-box__content-item\">\n\t\t\t\t<span class=\"elementor-widget-cmsmasters-featured-box__button elementor-widget-cmsmasters-featured-box__content-item cmsmasters-theme-button elementor-widget-cmsmasters-featured-box__button-icon-right\"><span class=\"elementor-widget-cmsmasters-featured-box__button-icon-default elementor-widget-cmsmasters-featured-box__button-icon- elementor-widget-cmsmasters-featured-box__button-icon\"><i aria-hidden=\"true\" class=\"cmsmsdemo-icon- cmsms-demo-icon-arrow-curved\"><\/i><\/span>Read more<\/span>\n\t\t\t<\/div><\/div>\n\t\t\t\t<\/div>\n\t\t\t<\/div>\n\t\t<\/a>\t\t\t\t<\/div>\n\t\t\t\t<\/div>\n\t\t\t\t<div class=\"elementor-element elementor-element-2dae806 cmsmasters-feature-box__title-position-yes cmsmasters-featured-box__button-border-none cmsmasters-feature-box__title-position-tablet-yes cmsmasters-effect cmsmasters-effect-type-transform cmsmasters-featured-box__graphic-align-center cmsmasters-featured-box__image_fit-none cmsmasters-featured-box__graphic-position-column cmsmasters-featured-box__graphic-position-tablet-column cmsmasters-featured-box__graphic-position-mobile-column cmsmasters-featured-box__both cmsmasters-featured-box__text-valign-middle cmsmasters-effect-hover-type-element cmsmasters-block-default cmsmasters-sticky-default elementor-widget elementor-widget-cmsmasters-featured-box\" data-id=\"2dae806\" data-element_type=\"widget\" data-e-type=\"widget\" data-settings=\"{&quot;cms_transform_hover_type&quot;:&quot;element&quot;}\" data-widget_type=\"cmsmasters-featured-box.default\">\n\t\t\t\t<div class=\"elementor-widget-container\">\n\t\t\t\t\t<a href=\"https:\/\/centromedicotropicana.com\/en\/dental-surgeries\/tooth-extractions\/\" class=\"elementor-widget-cmsmasters-featured-box__wrapper\"><div class=\"elementor-widget-cmsmasters-featured-box__content\">\n\t\t\t\t<div class=\"elementor-widget-cmsmasters-featured-box__content-vertical-inner\"><div class=\"elementor-widget-cmsmasters-featured-box__graphic-wrapper elementor-widget-cmsmasters-featured-box__content-item elementor-widget-cmsmasters-featured-box__image\"><h2 class=\"elementor-widget-cmsmasters-featured-box__title elementor-widget-cmsmasters-featured-box__content-item\">Dental extractions<\/h2><figure class=\"elementor-widget-cmsmasters-featured-box__image-wrap elementor-widget-cmsmasters-featured-box__graphic-item\"><img loading=\"lazy\" decoding=\"async\" width=\"512\" height=\"512\" src=\"https:\/\/centromedicotropicana.com\/wp-content\/uploads\/2025\/07\/extraccion-dental.svg\" class=\"attachment-medium size-medium wp-image-41059\" alt=\"\" \/><\/figure><\/div><div class=\"elementor-widget-cmsmasters-featured-box__type-wrap elementor-widget-cmsmasters-featured-box__content-item\"><h2 class=\"elementor-widget-cmsmasters-featured-box__title elementor-widget-cmsmasters-featured-box__content-item\">Dental extractions<\/h2><div class=\"elementor-widget-cmsmasters-featured-box__description elementor-widget-cmsmasters-featured-box__content-item\">Safe and painless, dental extractions<\/div><div class=\"elementor-widget-cmsmasters-featured-box__button-wrapper elementor-widget-cmsmasters-featured-box__content-item\">\n\t\t\t\t<span class=\"elementor-widget-cmsmasters-featured-box__button elementor-widget-cmsmasters-featured-box__content-item cmsmasters-theme-button elementor-widget-cmsmasters-featured-box__button-icon-right\"><span class=\"elementor-widget-cmsmasters-featured-box__button-icon-default elementor-widget-cmsmasters-featured-box__button-icon- elementor-widget-cmsmasters-featured-box__button-icon\"><i aria-hidden=\"true\" class=\"cmsmsdemo-icon- cmsms-demo-icon-arrow-curved\"><\/i><\/span>Read more<\/span>\n\t\t\t<\/div><\/div>\n\t\t\t\t<\/div>\n\t\t\t<\/div>\n\t\t<\/a>\t\t\t\t<\/div>\n\t\t\t\t<\/div>\n\t\t\t\t<div class=\"elementor-element elementor-element-a3b2006 cmsmasters-feature-box__title-position-yes cmsmasters-featured-box__button-border-none cmsmasters-feature-box__title-position-tablet-yes cmsmasters-effect cmsmasters-effect-type-transform cmsmasters-featured-box__graphic-align-center cmsmasters-featured-box__image_fit-none cmsmasters-featured-box__graphic-position-column cmsmasters-featured-box__graphic-position-tablet-column cmsmasters-featured-box__graphic-position-mobile-column cmsmasters-featured-box__both cmsmasters-featured-box__text-valign-middle cmsmasters-effect-hover-type-element cmsmasters-block-default cmsmasters-sticky-default elementor-widget elementor-widget-cmsmasters-featured-box\" data-id=\"a3b2006\" data-element_type=\"widget\" data-e-type=\"widget\" data-settings=\"{&quot;cms_transform_hover_type&quot;:&quot;element&quot;}\" data-widget_type=\"cmsmasters-featured-box.default\">\n\t\t\t\t<div class=\"elementor-widget-container\">\n\t\t\t\t\t<a href=\"https:\/\/centromedicotropicana.com\/en\/dental-surgeries\/bone-grafting\/\" class=\"elementor-widget-cmsmasters-featured-box__wrapper\"><div class=\"elementor-widget-cmsmasters-featured-box__content\">\n\t\t\t\t<div class=\"elementor-widget-cmsmasters-featured-box__content-vertical-inner\"><div class=\"elementor-widget-cmsmasters-featured-box__graphic-wrapper elementor-widget-cmsmasters-featured-box__content-item elementor-widget-cmsmasters-featured-box__image\"><h2 class=\"elementor-widget-cmsmasters-featured-box__title elementor-widget-cmsmasters-featured-box__content-item\">Bone grafting<\/h2><figure class=\"elementor-widget-cmsmasters-featured-box__image-wrap elementor-widget-cmsmasters-featured-box__graphic-item\"><img loading=\"lazy\" decoding=\"async\" width=\"512\" height=\"512\" src=\"https:\/\/centromedicotropicana.com\/wp-content\/uploads\/2025\/07\/dientes-y-encias-1.svg\" class=\"attachment-medium size-medium wp-image-41071\" alt=\"\" \/><\/figure><\/div><div class=\"elementor-widget-cmsmasters-featured-box__type-wrap elementor-widget-cmsmasters-featured-box__content-item\"><h2 class=\"elementor-widget-cmsmasters-featured-box__title elementor-widget-cmsmasters-featured-box__content-item\">Bone grafting<\/h2><div class=\"elementor-widget-cmsmasters-featured-box__description elementor-widget-cmsmasters-featured-box__content-item\">Regenerate and renew with bone grafts<\/div><div class=\"elementor-widget-cmsmasters-featured-box__button-wrapper elementor-widget-cmsmasters-featured-box__content-item\">\n\t\t\t\t<span class=\"elementor-widget-cmsmasters-featured-box__button elementor-widget-cmsmasters-featured-box__content-item cmsmasters-theme-button elementor-widget-cmsmasters-featured-box__button-icon-right\"><span class=\"elementor-widget-cmsmasters-featured-box__button-icon-default elementor-widget-cmsmasters-featured-box__button-icon- elementor-widget-cmsmasters-featured-box__button-icon\"><i aria-hidden=\"true\" class=\"cmsmsdemo-icon- cmsms-demo-icon-arrow-curved\"><\/i><\/span>Read more<\/span>\n\t\t\t<\/div><\/div>\n\t\t\t\t<\/div>\n\t\t\t<\/div>\n\t\t<\/a>\t\t\t\t<\/div>\n\t\t\t\t<\/div>\n\t\t\t\t<div class=\"elementor-element elementor-element-0840b90 cmsmasters-feature-box__title-position-yes cmsmasters-featured-box__button-border-none cmsmasters-feature-box__title-position-tablet-yes cmsmasters-effect cmsmasters-effect-type-transform cmsmasters-featured-box__graphic-align-center cmsmasters-featured-box__image_fit-none cmsmasters-featured-box__graphic-position-column cmsmasters-featured-box__graphic-position-tablet-column cmsmasters-featured-box__graphic-position-mobile-column cmsmasters-featured-box__both cmsmasters-featured-box__text-valign-middle cmsmasters-effect-hover-type-element cmsmasters-block-default cmsmasters-sticky-default elementor-widget elementor-widget-cmsmasters-featured-box\" data-id=\"0840b90\" data-element_type=\"widget\" data-e-type=\"widget\" data-settings=\"{&quot;cms_transform_hover_type&quot;:&quot;element&quot;}\" data-widget_type=\"cmsmasters-featured-box.default\">\n\t\t\t\t<div class=\"elementor-widget-container\">\n\t\t\t\t\t<a href=\"https:\/\/centromedicotropicana.com\/en\/dental-surgeries\/esthetic-gingivectomy\/\" class=\"elementor-widget-cmsmasters-featured-box__wrapper\"><div class=\"elementor-widget-cmsmasters-featured-box__content\">\n\t\t\t\t<div class=\"elementor-widget-cmsmasters-featured-box__content-vertical-inner\"><div class=\"elementor-widget-cmsmasters-featured-box__graphic-wrapper elementor-widget-cmsmasters-featured-box__content-item elementor-widget-cmsmasters-featured-box__image\"><h2 class=\"elementor-widget-cmsmasters-featured-box__title elementor-widget-cmsmasters-featured-box__content-item\">Aesthetic gingivectomy<\/h2><figure class=\"elementor-widget-cmsmasters-featured-box__image-wrap elementor-widget-cmsmasters-featured-box__graphic-item\"><img loading=\"lazy\" decoding=\"async\" width=\"512\" height=\"512\" src=\"https:\/\/centromedicotropicana.com\/wp-content\/uploads\/2025\/07\/taladro-dental.svg\" class=\"attachment-medium size-medium wp-image-41070\" alt=\"\" \/><\/figure><\/div><div class=\"elementor-widget-cmsmasters-featured-box__type-wrap elementor-widget-cmsmasters-featured-box__content-item\"><h2 class=\"elementor-widget-cmsmasters-featured-box__title elementor-widget-cmsmasters-featured-box__content-item\">Aesthetic gingivectomy<\/h2><div class=\"elementor-widget-cmsmasters-featured-box__description elementor-widget-cmsmasters-featured-box__content-item\">Recover your self-esteem and show off a radiant smile.<\/div><div class=\"elementor-widget-cmsmasters-featured-box__button-wrapper elementor-widget-cmsmasters-featured-box__content-item\">\n\t\t\t\t<span class=\"elementor-widget-cmsmasters-featured-box__button elementor-widget-cmsmasters-featured-box__content-item cmsmasters-theme-button elementor-widget-cmsmasters-featured-box__button-icon-right\"><span class=\"elementor-widget-cmsmasters-featured-box__button-icon-default elementor-widget-cmsmasters-featured-box__button-icon- elementor-widget-cmsmasters-featured-box__button-icon\"><i aria-hidden=\"true\" class=\"cmsmsdemo-icon- cmsms-demo-icon-arrow-curved\"><\/i><\/span>Read more<\/span>\n\t\t\t<\/div><\/div>\n\t\t\t\t<\/div>\n\t\t\t<\/div>\n\t\t<\/a>\t\t\t\t<\/div>\n\t\t\t\t<\/div>\n\t\t\t\t<div class=\"elementor-element elementor-element-a8ce220 cmsmasters-feature-box__title-position-yes cmsmasters-featured-box__button-border-none cmsmasters-feature-box__title-position-tablet-yes cmsmasters-effect cmsmasters-effect-type-transform cmsmasters-featured-box__graphic-align-center cmsmasters-featured-box__image_fit-none cmsmasters-featured-box__graphic-position-column cmsmasters-featured-box__graphic-position-tablet-column cmsmasters-featured-box__graphic-position-mobile-column cmsmasters-featured-box__both cmsmasters-featured-box__text-valign-middle cmsmasters-effect-hover-type-element cmsmasters-block-default cmsmasters-sticky-default elementor-widget elementor-widget-cmsmasters-featured-box\" data-id=\"a8ce220\" data-element_type=\"widget\" data-e-type=\"widget\" data-settings=\"{&quot;cms_transform_hover_type&quot;:&quot;element&quot;}\" data-widget_type=\"cmsmasters-featured-box.default\">\n\t\t\t\t<div class=\"elementor-widget-container\">\n\t\t\t\t\t<a href=\"https:\/\/centromedicotropicana.com\/en\/dental-surgeries\/sedation\/\" class=\"elementor-widget-cmsmasters-featured-box__wrapper\"><div class=\"elementor-widget-cmsmasters-featured-box__content\">\n\t\t\t\t<div class=\"elementor-widget-cmsmasters-featured-box__content-vertical-inner\"><div class=\"elementor-widget-cmsmasters-featured-box__graphic-wrapper elementor-widget-cmsmasters-featured-box__content-item elementor-widget-cmsmasters-featured-box__image\"><h2 class=\"elementor-widget-cmsmasters-featured-box__title elementor-widget-cmsmasters-featured-box__content-item\">Sedation<\/h2><figure class=\"elementor-widget-cmsmasters-featured-box__image-wrap elementor-widget-cmsmasters-featured-box__graphic-item\"><img loading=\"lazy\" decoding=\"async\" width=\"512\" height=\"512\" src=\"https:\/\/centromedicotropicana.com\/wp-content\/uploads\/2025\/07\/vacuna.svg\" class=\"attachment-medium size-medium wp-image-41060\" alt=\"\" \/><\/figure><\/div><div class=\"elementor-widget-cmsmasters-featured-box__type-wrap elementor-widget-cmsmasters-featured-box__content-item\"><h2 class=\"elementor-widget-cmsmasters-featured-box__title elementor-widget-cmsmasters-featured-box__content-item\">Sedation<\/h2><div class=\"elementor-widget-cmsmasters-featured-box__description elementor-widget-cmsmasters-featured-box__content-item\">Schedule your appointment and leave the stress behind!\n<\/div><div class=\"elementor-widget-cmsmasters-featured-box__button-wrapper elementor-widget-cmsmasters-featured-box__content-item\">\n\t\t\t\t<span class=\"elementor-widget-cmsmasters-featured-box__button elementor-widget-cmsmasters-featured-box__content-item cmsmasters-theme-button elementor-widget-cmsmasters-featured-box__button-icon-right\"><span class=\"elementor-widget-cmsmasters-featured-box__button-icon-default elementor-widget-cmsmasters-featured-box__button-icon- elementor-widget-cmsmasters-featured-box__button-icon\"><i aria-hidden=\"true\" class=\"cmsmsdemo-icon- cmsms-demo-icon-arrow-curved\"><\/i><\/span>Read more<\/span>\n\t\t\t<\/div><\/div>\n\t\t\t\t<\/div>\n\t\t\t<\/div>\n\t\t<\/a>\t\t\t\t<\/div>\n\t\t\t\t<\/div>\n\t\t\t\t<\/div>\n\t\t\t\t\t<\/div>\n\t\t\t\t<\/section>\n\t\t\t\t<\/div>","protected":false},"excerpt":{"rendered":"<p>Cirug\u00edas dentales Nuestro servicio de cirug\u00edas dentales se dedica a proporcionar tratamientos quir\u00fargicos avanzados para resolver una amplia variedad de problemas bucodentales. Contamos con un equipo de especialistas altamente capacitados y tecnolog\u00eda de vanguardia para garantizar procedimientos seguros y efectivos. Conozca las diferentes opciones que le ofrecemos en cirug\u00edas dentales. Tratamientos Recomendados Colocaci\u00f3n de implantes&#8230;<\/p>","protected":false},"author":3,"featured_media":0,"parent":0,"menu_order":0,"comment_status":"open","ping_status":"closed","template":"elementor_header_footer","meta":{"_acf_changed":false,"nf_dc_page":"","footnotes":""},"class_list":["post-2753","page","type-page","status-publish","hentry"],"acf":[],"_links":{"self":[{"href":"https:\/\/centromedicotropicana.com\/en\/wp-json\/wp\/v2\/pages\/2753","targetHints":{"allow":["GET"]}}],"collection":[{"href":"https:\/\/centromedicotropicana.com\/en\/wp-json\/wp\/v2\/pages"}],"about":[{"href":"https:\/\/centromedicotropicana.com\/en\/wp-json\/wp\/v2\/types\/page"}],"author":[{"embeddable":true,"href":"https:\/\/centromedicotropicana.com\/en\/wp-json\/wp\/v2\/users\/3"}],"replies":[{"embeddable":true,"href":"https:\/\/centromedicotropicana.com\/en\/wp-json\/wp\/v2\/comments?post=2753"}],"version-history":[{"count":0,"href":"https:\/\/centromedicotropicana.com\/en\/wp-json\/wp\/v2\/pages\/2753\/revisions"}],"wp:attachment":[{"href":"https:\/\/centromedicotropicana.com\/en\/wp-json\/wp\/v2\/media?parent=2753"}],"curies":[{"name":"wp","href":"https:\/\/api.w.org\/{rel}","templated":true}]}}