{"id":2749,"date":"2024-02-28T22:47:39","date_gmt":"2024-02-28T22:47:39","guid":{"rendered":"https:\/\/centromedicotropicana.com\/?page_id=2749"},"modified":"2025-11-05T11:12:22","modified_gmt":"2025-11-05T17:12:22","slug":"dental-emergencies","status":"publish","type":"page","link":"https:\/\/centromedicotropicana.com\/en\/dental-emergencies\/","title":{"rendered":"Dental emergencies"},"content":{"rendered":"<div data-elementor-type=\"wp-page\" data-elementor-id=\"2749\" class=\"elementor elementor-2749\" data-elementor-post-type=\"page\">\n\t\t\t\t<div class=\"elementor-element elementor-element-4130d53b e-flex e-con-boxed cmsmasters-block-default e-con e-parent\" data-id=\"4130d53b\" data-element_type=\"container\" data-e-type=\"container\">\n\t\t\t\t\t<div class=\"e-con-inner\">\n\t\t<div class=\"elementor-element elementor-element-6ed50a18 e-con-full e-flex cmsmasters-bg-hide-none cmsmasters-bg-hide-none cmsmasters-block-default e-con e-child\" data-id=\"6ed50a18\" data-element_type=\"container\" data-e-type=\"container\" data-settings=\"{&quot;background_background&quot;:&quot;classic&quot;}\">\n\t\t\t\t<div class=\"elementor-element elementor-element-4a2f892d cmsmasters-block-default cmsmasters-sticky-default elementor-widget elementor-widget-spacer\" data-id=\"4a2f892d\" data-element_type=\"widget\" data-e-type=\"widget\" data-widget_type=\"spacer.default\">\n\t\t\t\t<div class=\"elementor-widget-container\">\n\t\t\t\t\t\t\t<div class=\"elementor-spacer\">\n\t\t\t<div class=\"elementor-spacer-inner\"><\/div>\n\t\t<\/div>\n\t\t\t\t\t\t<\/div>\n\t\t\t\t<\/div>\n\t\t\t\t<\/div>\n\t\t<div class=\"elementor-element elementor-element-19b784c e-con-full e-flex cmsmasters-block-default e-con e-child\" data-id=\"19b784c\" data-element_type=\"container\" data-e-type=\"container\" data-settings=\"{&quot;background_background&quot;:&quot;classic&quot;}\">\n\t\t\t\t<div class=\"elementor-element elementor-element-609c42e5 elementor-widget__width-initial cmsmasters-block-default cmsmasters-sticky-default elementor-widget elementor-widget-heading\" data-id=\"609c42e5\" data-element_type=\"widget\" data-e-type=\"widget\" data-widget_type=\"heading.default\">\n\t\t\t\t<div class=\"elementor-widget-container\">\n\t\t\t\t\t<h1 class=\"elementor-heading-title elementor-size-default\">Dental emergencies<\/h1>\t\t\t\t<\/div>\n\t\t\t\t<\/div>\n\t\t\t\t<div class=\"elementor-element elementor-element-118f4cda elementor-widget__width-initial cmsmasters-block-default cmsmasters-sticky-default elementor-widget elementor-widget-text-editor\" data-id=\"118f4cda\" data-element_type=\"widget\" data-e-type=\"widget\" data-widget_type=\"text-editor.default\">\n\t\t\t\t<div class=\"elementor-widget-container\">\n\t\t\t\t\t\t\t\t\tOur dental emergency service is available to provide immediate care in critical situations affecting your oral health. Whether you are suffering from acute dental pain, fractures, infections, or any other urgent problem, our team of highly trained specialists is here to provide you with fast and effective treatment. Contact us in case of any dental emergency.\t\t\t\t\t\t\t\t<\/div>\n\t\t\t\t<\/div>\n\t\t\t\t<\/div>\n\t\t\t\t\t<\/div>\n\t\t\t\t<\/div>\n\t\t<section class=\"elementor-element elementor-element-c702245 e-con-full e-flex cmsmasters-block-default e-con e-parent\" data-id=\"c702245\" data-element_type=\"container\" data-e-type=\"container\">\n\t\t<div class=\"elementor-element elementor-element-4fe2c18 e-flex e-con-boxed cmsmasters-block-default e-con e-child\" data-id=\"4fe2c18\" data-element_type=\"container\" data-e-type=\"container\">\n\t\t\t\t\t<div class=\"e-con-inner\">\n\t\t<div class=\"elementor-element elementor-element-eb0314c e-flex e-con-boxed cmsmasters-block-default e-con e-child\" data-id=\"eb0314c\" data-element_type=\"container\" data-e-type=\"container\">\n\t\t\t\t\t<div class=\"e-con-inner\">\n\t\t\t\t<div class=\"elementor-element elementor-element-90500a6 elementor-widget__width-initial cmsmasters-effect cmsmasters-effect-type-floating cmsmasters-block-default cmsmasters-sticky-default elementor-invisible elementor-widget elementor-widget-image\" data-id=\"90500a6\" data-element_type=\"widget\" data-e-type=\"widget\" data-settings=\"{&quot;_animation&quot;:&quot;zoomIn&quot;,&quot;cms_floating_translate_toggle&quot;:&quot;yes&quot;,&quot;cms_floating_translate_x&quot;:{&quot;unit&quot;:&quot;px&quot;,&quot;size&quot;:&quot;&quot;,&quot;sizes&quot;:{&quot;from&quot;:0,&quot;to&quot;:0}},&quot;cms_floating_translate_y&quot;:{&quot;unit&quot;:&quot;px&quot;,&quot;size&quot;:&quot;&quot;,&quot;sizes&quot;:{&quot;from&quot;:-15,&quot;to&quot;:5}},&quot;cms_floating_translate_delay&quot;:{&quot;unit&quot;:&quot;px&quot;,&quot;size&quot;:&quot;&quot;,&quot;sizes&quot;:[]},&quot;cms_floating_duration&quot;:{&quot;unit&quot;:&quot;px&quot;,&quot;size&quot;:1.5,&quot;sizes&quot;:[]}}\" data-widget_type=\"image.default\">\n\t\t\t\t<div class=\"elementor-widget-container\">\n\t\t\t\t\t\t\t\t\t\t\t\t\t\t\t<img loading=\"lazy\" decoding=\"async\" width=\"292\" height=\"300\" src=\"https:\/\/centromedicotropicana.com\/wp-content\/uploads\/2023\/10\/LOGO-Tropicana-normal-nuevo-08-292x300.png\" class=\"attachment-medium size-medium wp-image-2389\" alt=\"Tropicana Favicon\" srcset=\"https:\/\/centromedicotropicana.com\/wp-content\/uploads\/2023\/10\/LOGO-Tropicana-normal-nuevo-08-292x300.png 292w, https:\/\/centromedicotropicana.com\/wp-content\/uploads\/2023\/10\/LOGO-Tropicana-normal-nuevo-08-430x441.png 430w, https:\/\/centromedicotropicana.com\/wp-content\/uploads\/2023\/10\/LOGO-Tropicana-normal-nuevo-08-700x718.png 700w, https:\/\/centromedicotropicana.com\/wp-content\/uploads\/2023\/10\/LOGO-Tropicana-normal-nuevo-08-998x1024.png 998w, https:\/\/centromedicotropicana.com\/wp-content\/uploads\/2023\/10\/LOGO-Tropicana-normal-nuevo-08-768x788.png 768w, https:\/\/centromedicotropicana.com\/wp-content\/uploads\/2023\/10\/LOGO-Tropicana-normal-nuevo-08-1497x1536.png 1497w, https:\/\/centromedicotropicana.com\/wp-content\/uploads\/2023\/10\/LOGO-Tropicana-normal-nuevo-08-1568x1609.png 1568w, https:\/\/centromedicotropicana.com\/wp-content\/uploads\/2023\/10\/LOGO-Tropicana-normal-nuevo-08.png 1751w\" sizes=\"auto, (max-width: 292px) 100vw, 292px\" \/>\t\t\t\t\t\t\t\t\t\t\t\t\t\t\t<\/div>\n\t\t\t\t<\/div>\n\t\t\t\t<div class=\"elementor-element elementor-element-248dd2b cmsmasters-block-default cmsmasters-sticky-default elementor-widget elementor-widget-heading\" data-id=\"248dd2b\" data-element_type=\"widget\" data-e-type=\"widget\" data-widget_type=\"heading.default\">\n\t\t\t\t<div class=\"elementor-widget-container\">\n\t\t\t\t\t<h3 class=\"elementor-heading-title elementor-size-default\">Recommended Treatments<\/h3>\t\t\t\t<\/div>\n\t\t\t\t<\/div>\n\t\t\t\t\t<\/div>\n\t\t\t\t<\/div>\n\t\t\t\t\t<\/div>\n\t\t\t\t<\/div>\n\t\t\t\t<\/section>\n\t\t<section class=\"elementor-element elementor-element-6010c625 e-flex e-con-boxed cmsmasters-block-default e-con e-parent\" data-id=\"6010c625\" data-element_type=\"container\" data-e-type=\"container\">\n\t\t\t\t\t<div class=\"e-con-inner\">\n\t\t<div class=\"elementor-element elementor-element-60408c58 e-grid e-con-full cmsmasters-block-default e-con e-child\" data-id=\"60408c58\" data-element_type=\"container\" data-e-type=\"container\">\n\t\t\t\t<div class=\"elementor-element elementor-element-99de244 cmsmasters-feature-box__title-position-yes cmsmasters-featured-box__button-border-none cmsmasters-feature-box__title-position-tablet-yes cmsmasters-effect cmsmasters-effect-type-transform cmsmasters-featured-box__graphic-align-center cmsmasters-featured-box__image_fit-none cmsmasters-featured-box__graphic-position-column cmsmasters-featured-box__graphic-position-tablet-column cmsmasters-featured-box__graphic-position-mobile-column cmsmasters-featured-box__both cmsmasters-featured-box__text-valign-middle cmsmasters-effect-hover-type-element cmsmasters-block-default cmsmasters-sticky-default elementor-widget elementor-widget-cmsmasters-featured-box\" data-id=\"99de244\" data-element_type=\"widget\" data-e-type=\"widget\" data-settings=\"{&quot;cms_transform_hover_type&quot;:&quot;element&quot;}\" data-widget_type=\"cmsmasters-featured-box.default\">\n\t\t\t\t<div class=\"elementor-widget-container\">\n\t\t\t\t\t<a href=\"https:\/\/centromedicotropicana.com\/en\/dental-emergencies\/toothache\/\" class=\"elementor-widget-cmsmasters-featured-box__wrapper\"><div class=\"elementor-widget-cmsmasters-featured-box__content\">\n\t\t\t\t<div class=\"elementor-widget-cmsmasters-featured-box__content-vertical-inner\"><div class=\"elementor-widget-cmsmasters-featured-box__graphic-wrapper elementor-widget-cmsmasters-featured-box__content-item elementor-widget-cmsmasters-featured-box__image\"><h2 class=\"elementor-widget-cmsmasters-featured-box__title elementor-widget-cmsmasters-featured-box__content-item\">Toothache<\/h2><figure class=\"elementor-widget-cmsmasters-featured-box__image-wrap elementor-widget-cmsmasters-featured-box__graphic-item\"><img loading=\"lazy\" decoding=\"async\" width=\"512\" height=\"512\" src=\"https:\/\/centromedicotropicana.com\/wp-content\/uploads\/2025\/07\/dolor-de-muelas.svg\" class=\"attachment-medium size-medium wp-image-41061\" alt=\"\" \/><\/figure><\/div><div class=\"elementor-widget-cmsmasters-featured-box__type-wrap elementor-widget-cmsmasters-featured-box__content-item\"><h2 class=\"elementor-widget-cmsmasters-featured-box__title elementor-widget-cmsmasters-featured-box__content-item\">Toothache<\/h2><div class=\"elementor-widget-cmsmasters-featured-box__description elementor-widget-cmsmasters-featured-box__content-item\">Say goodbye to pain<\/div><div class=\"elementor-widget-cmsmasters-featured-box__button-wrapper elementor-widget-cmsmasters-featured-box__content-item\">\n\t\t\t\t<span class=\"elementor-widget-cmsmasters-featured-box__button elementor-widget-cmsmasters-featured-box__content-item cmsmasters-theme-button elementor-widget-cmsmasters-featured-box__button-icon-right\"><span class=\"elementor-widget-cmsmasters-featured-box__button-icon-default elementor-widget-cmsmasters-featured-box__button-icon- elementor-widget-cmsmasters-featured-box__button-icon\"><i aria-hidden=\"true\" class=\"cmsmsdemo-icon- cmsms-demo-icon-arrow-curved\"><\/i><\/span>Read more<\/span>\n\t\t\t<\/div><\/div>\n\t\t\t\t<\/div>\n\t\t\t<\/div>\n\t\t<\/a>\t\t\t\t<\/div>\n\t\t\t\t<\/div>\n\t\t\t\t<div class=\"elementor-element elementor-element-aa25e7a cmsmasters-feature-box__title-position-yes cmsmasters-featured-box__button-border-none cmsmasters-feature-box__title-position-tablet-yes cmsmasters-effect cmsmasters-effect-type-transform cmsmasters-featured-box__graphic-align-center cmsmasters-featured-box__image_fit-none cmsmasters-featured-box__graphic-position-column cmsmasters-featured-box__graphic-position-tablet-column cmsmasters-featured-box__graphic-position-mobile-column cmsmasters-featured-box__both cmsmasters-featured-box__text-valign-middle cmsmasters-effect-hover-type-element cmsmasters-block-default cmsmasters-sticky-default elementor-widget elementor-widget-cmsmasters-featured-box\" data-id=\"aa25e7a\" data-element_type=\"widget\" data-e-type=\"widget\" data-settings=\"{&quot;cms_transform_hover_type&quot;:&quot;element&quot;}\" data-widget_type=\"cmsmasters-featured-box.default\">\n\t\t\t\t<div class=\"elementor-widget-container\">\n\t\t\t\t\t<a href=\"https:\/\/centromedicotropicana.com\/en\/dental-emergencies\/dental-infections\/\" class=\"elementor-widget-cmsmasters-featured-box__wrapper\"><div class=\"elementor-widget-cmsmasters-featured-box__content\">\n\t\t\t\t<div class=\"elementor-widget-cmsmasters-featured-box__content-vertical-inner\"><div class=\"elementor-widget-cmsmasters-featured-box__graphic-wrapper elementor-widget-cmsmasters-featured-box__content-item elementor-widget-cmsmasters-featured-box__image\"><h2 class=\"elementor-widget-cmsmasters-featured-box__title elementor-widget-cmsmasters-featured-box__content-item\">Dental infections<\/h2><figure class=\"elementor-widget-cmsmasters-featured-box__image-wrap elementor-widget-cmsmasters-featured-box__graphic-item\"><img loading=\"lazy\" decoding=\"async\" width=\"512\" height=\"512\" src=\"https:\/\/centromedicotropicana.com\/wp-content\/uploads\/2025\/07\/infeccion.svg\" class=\"attachment-medium size-medium wp-image-41063\" alt=\"\" \/><\/figure><\/div><div class=\"elementor-widget-cmsmasters-featured-box__type-wrap elementor-widget-cmsmasters-featured-box__content-item\"><h2 class=\"elementor-widget-cmsmasters-featured-box__title elementor-widget-cmsmasters-featured-box__content-item\">Dental infections<\/h2><div class=\"elementor-widget-cmsmasters-featured-box__description elementor-widget-cmsmasters-featured-box__content-item\">A dental infection can cause a lot of pain.<\/div><div class=\"elementor-widget-cmsmasters-featured-box__button-wrapper elementor-widget-cmsmasters-featured-box__content-item\">\n\t\t\t\t<span class=\"elementor-widget-cmsmasters-featured-box__button elementor-widget-cmsmasters-featured-box__content-item cmsmasters-theme-button elementor-widget-cmsmasters-featured-box__button-icon-right\"><span class=\"elementor-widget-cmsmasters-featured-box__button-icon-default elementor-widget-cmsmasters-featured-box__button-icon- elementor-widget-cmsmasters-featured-box__button-icon\"><i aria-hidden=\"true\" class=\"cmsmsdemo-icon- cmsms-demo-icon-arrow-curved\"><\/i><\/span>Read more<\/span>\n\t\t\t<\/div><\/div>\n\t\t\t\t<\/div>\n\t\t\t<\/div>\n\t\t<\/a>\t\t\t\t<\/div>\n\t\t\t\t<\/div>\n\t\t\t\t<div class=\"elementor-element elementor-element-59c2dc6f cmsmasters-feature-box__title-position-yes cmsmasters-featured-box__button-border-none cmsmasters-feature-box__title-position-tablet-yes cmsmasters-effect cmsmasters-effect-type-transform cmsmasters-featured-box__graphic-align-center cmsmasters-featured-box__image_fit-none cmsmasters-featured-box__graphic-position-column cmsmasters-featured-box__graphic-position-tablet-column cmsmasters-featured-box__graphic-position-mobile-column cmsmasters-featured-box__both cmsmasters-featured-box__text-valign-middle cmsmasters-effect-hover-type-element cmsmasters-block-default cmsmasters-sticky-default elementor-widget elementor-widget-cmsmasters-featured-box\" data-id=\"59c2dc6f\" data-element_type=\"widget\" data-e-type=\"widget\" data-settings=\"{&quot;cms_transform_hover_type&quot;:&quot;element&quot;}\" data-widget_type=\"cmsmasters-featured-box.default\">\n\t\t\t\t<div class=\"elementor-widget-container\">\n\t\t\t\t\t<a href=\"https:\/\/centromedicotropicana.com\/en\/dental-emergencies\/dental-fractures\/\" class=\"elementor-widget-cmsmasters-featured-box__wrapper\"><div class=\"elementor-widget-cmsmasters-featured-box__content\">\n\t\t\t\t<div class=\"elementor-widget-cmsmasters-featured-box__content-vertical-inner\"><div class=\"elementor-widget-cmsmasters-featured-box__graphic-wrapper elementor-widget-cmsmasters-featured-box__content-item elementor-widget-cmsmasters-featured-box__image\"><h2 class=\"elementor-widget-cmsmasters-featured-box__title elementor-widget-cmsmasters-featured-box__content-item\">Dental fractures<\/h2><figure class=\"elementor-widget-cmsmasters-featured-box__image-wrap elementor-widget-cmsmasters-featured-box__graphic-item\"><img loading=\"lazy\" decoding=\"async\" width=\"512\" height=\"512\" src=\"https:\/\/centromedicotropicana.com\/wp-content\/uploads\/2025\/07\/diente-quebrado.svg\" class=\"attachment-medium size-medium wp-image-41064\" alt=\"\" \/><\/figure><\/div><div class=\"elementor-widget-cmsmasters-featured-box__type-wrap elementor-widget-cmsmasters-featured-box__content-item\"><h2 class=\"elementor-widget-cmsmasters-featured-box__title elementor-widget-cmsmasters-featured-box__content-item\">Dental fractures<\/h2><div class=\"elementor-widget-cmsmasters-featured-box__description elementor-widget-cmsmasters-featured-box__content-item\">Returned in one piece<\/div><div class=\"elementor-widget-cmsmasters-featured-box__button-wrapper elementor-widget-cmsmasters-featured-box__content-item\">\n\t\t\t\t<span class=\"elementor-widget-cmsmasters-featured-box__button elementor-widget-cmsmasters-featured-box__content-item cmsmasters-theme-button elementor-widget-cmsmasters-featured-box__button-icon-right\"><span class=\"elementor-widget-cmsmasters-featured-box__button-icon-default elementor-widget-cmsmasters-featured-box__button-icon- elementor-widget-cmsmasters-featured-box__button-icon\"><i aria-hidden=\"true\" class=\"cmsmsdemo-icon- cmsms-demo-icon-arrow-curved\"><\/i><\/span>Read more<\/span>\n\t\t\t<\/div><\/div>\n\t\t\t\t<\/div>\n\t\t\t<\/div>\n\t\t<\/a>\t\t\t\t<\/div>\n\t\t\t\t<\/div>\n\t\t\t\t<div class=\"elementor-element elementor-element-6fe5137 cmsmasters-feature-box__title-position-yes cmsmasters-featured-box__button-border-none cmsmasters-feature-box__title-position-tablet-yes cmsmasters-effect cmsmasters-effect-type-transform cmsmasters-featured-box__graphic-align-center cmsmasters-featured-box__image_fit-none cmsmasters-featured-box__graphic-position-column cmsmasters-featured-box__graphic-position-tablet-column cmsmasters-featured-box__graphic-position-mobile-column cmsmasters-featured-box__both cmsmasters-featured-box__text-valign-middle cmsmasters-effect-hover-type-element cmsmasters-block-default cmsmasters-sticky-default elementor-widget elementor-widget-cmsmasters-featured-box\" data-id=\"6fe5137\" data-element_type=\"widget\" data-e-type=\"widget\" data-settings=\"{&quot;cms_transform_hover_type&quot;:&quot;element&quot;}\" data-widget_type=\"cmsmasters-featured-box.default\">\n\t\t\t\t<div class=\"elementor-widget-container\">\n\t\t\t\t\t<a href=\"https:\/\/centromedicotropicana.com\/en\/dental-emergencies\/tooth-extractions\/\" class=\"elementor-widget-cmsmasters-featured-box__wrapper\"><div class=\"elementor-widget-cmsmasters-featured-box__content\">\n\t\t\t\t<div class=\"elementor-widget-cmsmasters-featured-box__content-vertical-inner\"><div class=\"elementor-widget-cmsmasters-featured-box__graphic-wrapper elementor-widget-cmsmasters-featured-box__content-item elementor-widget-cmsmasters-featured-box__image\"><h2 class=\"elementor-widget-cmsmasters-featured-box__title elementor-widget-cmsmasters-featured-box__content-item\">Dental extractions<\/h2><figure class=\"elementor-widget-cmsmasters-featured-box__image-wrap elementor-widget-cmsmasters-featured-box__graphic-item\"><img loading=\"lazy\" decoding=\"async\" width=\"512\" height=\"512\" src=\"https:\/\/centromedicotropicana.com\/wp-content\/uploads\/2025\/07\/extraccion-dental-1.svg\" class=\"attachment-medium size-medium wp-image-41065\" alt=\"\" \/><\/figure><\/div><div class=\"elementor-widget-cmsmasters-featured-box__type-wrap elementor-widget-cmsmasters-featured-box__content-item\"><h2 class=\"elementor-widget-cmsmasters-featured-box__title elementor-widget-cmsmasters-featured-box__content-item\">Dental extractions<\/h2><div class=\"elementor-widget-cmsmasters-featured-box__description elementor-widget-cmsmasters-featured-box__content-item\">Safe and painless, dental extractions<\/div><div class=\"elementor-widget-cmsmasters-featured-box__button-wrapper elementor-widget-cmsmasters-featured-box__content-item\">\n\t\t\t\t<span class=\"elementor-widget-cmsmasters-featured-box__button elementor-widget-cmsmasters-featured-box__content-item cmsmasters-theme-button elementor-widget-cmsmasters-featured-box__button-icon-right\"><span class=\"elementor-widget-cmsmasters-featured-box__button-icon-default elementor-widget-cmsmasters-featured-box__button-icon- elementor-widget-cmsmasters-featured-box__button-icon\"><i aria-hidden=\"true\" class=\"cmsmsdemo-icon- cmsms-demo-icon-arrow-curved\"><\/i><\/span>Read more<\/span>\n\t\t\t<\/div><\/div>\n\t\t\t\t<\/div>\n\t\t\t<\/div>\n\t\t<\/a>\t\t\t\t<\/div>\n\t\t\t\t<\/div>\n\t\t\t\t<div class=\"elementor-element elementor-element-418c64d8 cmsmasters-feature-box__title-position-yes cmsmasters-featured-box__button-border-none cmsmasters-feature-box__title-position-tablet-yes cmsmasters-effect cmsmasters-effect-type-transform cmsmasters-featured-box__graphic-align-center cmsmasters-featured-box__image_fit-none cmsmasters-featured-box__graphic-position-column cmsmasters-featured-box__graphic-position-tablet-column cmsmasters-featured-box__graphic-position-mobile-column cmsmasters-featured-box__both cmsmasters-featured-box__text-valign-middle cmsmasters-effect-hover-type-element cmsmasters-block-default cmsmasters-sticky-default elementor-widget elementor-widget-cmsmasters-featured-box\" data-id=\"418c64d8\" data-element_type=\"widget\" data-e-type=\"widget\" data-settings=\"{&quot;cms_transform_hover_type&quot;:&quot;element&quot;}\" data-widget_type=\"cmsmasters-featured-box.default\">\n\t\t\t\t<div class=\"elementor-widget-container\">\n\t\t\t\t\t<a href=\"https:\/\/centromedicotropicana.com\/en\/dental-emergencies\/nerve-treatments\/\" class=\"elementor-widget-cmsmasters-featured-box__wrapper\"><div class=\"elementor-widget-cmsmasters-featured-box__content\">\n\t\t\t\t<div class=\"elementor-widget-cmsmasters-featured-box__content-vertical-inner\"><div class=\"elementor-widget-cmsmasters-featured-box__graphic-wrapper elementor-widget-cmsmasters-featured-box__content-item elementor-widget-cmsmasters-featured-box__image\"><h2 class=\"elementor-widget-cmsmasters-featured-box__title elementor-widget-cmsmasters-featured-box__content-item\">Nerve treatments<\/h2><figure class=\"elementor-widget-cmsmasters-featured-box__image-wrap elementor-widget-cmsmasters-featured-box__graphic-item\"><img loading=\"lazy\" decoding=\"async\" width=\"512\" height=\"512\" src=\"https:\/\/centromedicotropicana.com\/wp-content\/uploads\/2025\/07\/nervio-dentario.svg\" class=\"attachment-medium size-medium wp-image-41066\" alt=\"\" \/><\/figure><\/div><div class=\"elementor-widget-cmsmasters-featured-box__type-wrap elementor-widget-cmsmasters-featured-box__content-item\"><h2 class=\"elementor-widget-cmsmasters-featured-box__title elementor-widget-cmsmasters-featured-box__content-item\">Nerve treatments<\/h2><div class=\"elementor-widget-cmsmasters-featured-box__description elementor-widget-cmsmasters-featured-box__content-item\">Restore the health of your smile with us<\/div><div class=\"elementor-widget-cmsmasters-featured-box__button-wrapper elementor-widget-cmsmasters-featured-box__content-item\">\n\t\t\t\t<span class=\"elementor-widget-cmsmasters-featured-box__button elementor-widget-cmsmasters-featured-box__content-item cmsmasters-theme-button elementor-widget-cmsmasters-featured-box__button-icon-right\"><span class=\"elementor-widget-cmsmasters-featured-box__button-icon-default elementor-widget-cmsmasters-featured-box__button-icon- elementor-widget-cmsmasters-featured-box__button-icon\"><i aria-hidden=\"true\" class=\"cmsmsdemo-icon- cmsms-demo-icon-arrow-curved\"><\/i><\/span>Read more<\/span>\n\t\t\t<\/div><\/div>\n\t\t\t\t<\/div>\n\t\t\t<\/div>\n\t\t<\/a>\t\t\t\t<\/div>\n\t\t\t\t<\/div>\n\t\t\t\t<\/div>\n\t\t\t\t\t<\/div>\n\t\t\t\t<\/section>\n\t\t\t\t<\/div>","protected":false},"excerpt":{"rendered":"<p>Emergencias dentales Nuestro servicio de emergencias dentales est\u00e1 disponible para brindarle atenci\u00f3n inmediata en situaciones cr\u00edticas que afectan su salud bucodental. Ya sea que est\u00e9 sufriendo dolor dental agudo, fracturas, infecciones, o cualquier otro problema urgente, nuestro equipo de especialistas altamente capacitados est\u00e1 aqu\u00ed para ofrecerle un tratamiento r\u00e1pido y efectivo. Cont\u00e1ctenos en caso de&#8230;<\/p>","protected":false},"author":3,"featured_media":0,"parent":0,"menu_order":0,"comment_status":"open","ping_status":"closed","template":"elementor_header_footer","meta":{"_acf_changed":false,"nf_dc_page":"","footnotes":""},"class_list":["post-2749","page","type-page","status-publish","hentry"],"acf":[],"_links":{"self":[{"href":"https:\/\/centromedicotropicana.com\/en\/wp-json\/wp\/v2\/pages\/2749","targetHints":{"allow":["GET"]}}],"collection":[{"href":"https:\/\/centromedicotropicana.com\/en\/wp-json\/wp\/v2\/pages"}],"about":[{"href":"https:\/\/centromedicotropicana.com\/en\/wp-json\/wp\/v2\/types\/page"}],"author":[{"embeddable":true,"href":"https:\/\/centromedicotropicana.com\/en\/wp-json\/wp\/v2\/users\/3"}],"replies":[{"embeddable":true,"href":"https:\/\/centromedicotropicana.com\/en\/wp-json\/wp\/v2\/comments?post=2749"}],"version-history":[{"count":0,"href":"https:\/\/centromedicotropicana.com\/en\/wp-json\/wp\/v2\/pages\/2749\/revisions"}],"wp:attachment":[{"href":"https:\/\/centromedicotropicana.com\/en\/wp-json\/wp\/v2\/media?parent=2749"}],"curies":[{"name":"wp","href":"https:\/\/api.w.org\/{rel}","templated":true}]}}