{"id":2747,"date":"2024-02-28T22:47:25","date_gmt":"2024-02-28T22:47:25","guid":{"rendered":"https:\/\/centromedicotropicana.com\/?page_id=2747"},"modified":"2025-11-05T11:12:11","modified_gmt":"2025-11-05T17:12:11","slug":"esthetic-dentistry","status":"publish","type":"page","link":"https:\/\/centromedicotropicana.com\/en\/esthetic-dentistry\/","title":{"rendered":"Esthetic dentistry"},"content":{"rendered":"<div data-elementor-type=\"wp-page\" data-elementor-id=\"2747\" class=\"elementor elementor-2747\" data-elementor-post-type=\"page\">\n\t\t\t\t<div class=\"elementor-element elementor-element-3cf468ea e-flex e-con-boxed cmsmasters-block-default e-con e-parent\" data-id=\"3cf468ea\" data-element_type=\"container\" data-e-type=\"container\">\n\t\t\t\t\t<div class=\"e-con-inner\">\n\t\t<div class=\"elementor-element elementor-element-5abac9dd e-con-full e-flex cmsmasters-bg-hide-none cmsmasters-bg-hide-none cmsmasters-block-default e-con e-child\" data-id=\"5abac9dd\" data-element_type=\"container\" data-e-type=\"container\" data-settings=\"{&quot;background_background&quot;:&quot;classic&quot;}\">\n\t\t\t\t<div class=\"elementor-element elementor-element-719c705e cmsmasters-block-default cmsmasters-sticky-default elementor-widget elementor-widget-spacer\" data-id=\"719c705e\" data-element_type=\"widget\" data-e-type=\"widget\" data-widget_type=\"spacer.default\">\n\t\t\t\t<div class=\"elementor-widget-container\">\n\t\t\t\t\t\t\t<div class=\"elementor-spacer\">\n\t\t\t<div class=\"elementor-spacer-inner\"><\/div>\n\t\t<\/div>\n\t\t\t\t\t\t<\/div>\n\t\t\t\t<\/div>\n\t\t\t\t<\/div>\n\t\t<div class=\"elementor-element elementor-element-7c3757e9 e-con-full e-flex cmsmasters-block-default e-con e-child\" data-id=\"7c3757e9\" data-element_type=\"container\" data-e-type=\"container\" data-settings=\"{&quot;background_background&quot;:&quot;classic&quot;}\">\n\t\t\t\t<div class=\"elementor-element elementor-element-5e4401d8 elementor-widget__width-initial cmsmasters-block-default cmsmasters-sticky-default elementor-widget elementor-widget-heading\" data-id=\"5e4401d8\" data-element_type=\"widget\" data-e-type=\"widget\" data-widget_type=\"heading.default\">\n\t\t\t\t<div class=\"elementor-widget-container\">\n\t\t\t\t\t<h1 class=\"elementor-heading-title elementor-size-default\">Esthetic dentistry<\/h1>\t\t\t\t<\/div>\n\t\t\t\t<\/div>\n\t\t\t\t<div class=\"elementor-element elementor-element-5e74dddb elementor-widget__width-initial cmsmasters-block-default cmsmasters-sticky-default elementor-widget elementor-widget-text-editor\" data-id=\"5e74dddb\" data-element_type=\"widget\" data-e-type=\"widget\" data-widget_type=\"text-editor.default\">\n\t\t\t\t<div class=\"elementor-widget-container\">\n\t\t\t\t\t\t\t\t\t<p>In our cosmetic dentistry service, we are dedicated to enhancing the natural beauty of your smile, helping you achieve the look you've always wanted. We understand that an attractive smile not only enhances your appearance, but also boosts your confidence and overall well-being. With a personalized approach and using the most advanced techniques, our team of specialists is committed to creating harmonious, long-lasting results that reflect your individuality.<\/p>\t\t\t\t\t\t\t\t<\/div>\n\t\t\t\t<\/div>\n\t\t\t\t<\/div>\n\t\t\t\t\t<\/div>\n\t\t\t\t<\/div>\n\t\t<section class=\"elementor-element elementor-element-19e85f5 e-con-full e-flex cmsmasters-block-default e-con e-parent\" data-id=\"19e85f5\" data-element_type=\"container\" data-e-type=\"container\">\n\t\t<div class=\"elementor-element elementor-element-3ec4118 e-flex e-con-boxed cmsmasters-block-default e-con e-child\" data-id=\"3ec4118\" data-element_type=\"container\" data-e-type=\"container\">\n\t\t\t\t\t<div class=\"e-con-inner\">\n\t\t<div class=\"elementor-element elementor-element-9c0aa37 e-flex e-con-boxed cmsmasters-block-default e-con e-child\" data-id=\"9c0aa37\" data-element_type=\"container\" data-e-type=\"container\">\n\t\t\t\t\t<div class=\"e-con-inner\">\n\t\t\t\t<div class=\"elementor-element elementor-element-8594904 elementor-widget__width-initial cmsmasters-effect cmsmasters-effect-type-floating cmsmasters-block-default cmsmasters-sticky-default elementor-invisible elementor-widget elementor-widget-image\" data-id=\"8594904\" data-element_type=\"widget\" data-e-type=\"widget\" data-settings=\"{&quot;_animation&quot;:&quot;zoomIn&quot;,&quot;cms_floating_translate_toggle&quot;:&quot;yes&quot;,&quot;cms_floating_translate_x&quot;:{&quot;unit&quot;:&quot;px&quot;,&quot;size&quot;:&quot;&quot;,&quot;sizes&quot;:{&quot;from&quot;:0,&quot;to&quot;:0}},&quot;cms_floating_translate_y&quot;:{&quot;unit&quot;:&quot;px&quot;,&quot;size&quot;:&quot;&quot;,&quot;sizes&quot;:{&quot;from&quot;:-15,&quot;to&quot;:5}},&quot;cms_floating_translate_delay&quot;:{&quot;unit&quot;:&quot;px&quot;,&quot;size&quot;:&quot;&quot;,&quot;sizes&quot;:[]},&quot;cms_floating_duration&quot;:{&quot;unit&quot;:&quot;px&quot;,&quot;size&quot;:1.5,&quot;sizes&quot;:[]}}\" data-widget_type=\"image.default\">\n\t\t\t\t<div class=\"elementor-widget-container\">\n\t\t\t\t\t\t\t\t\t\t\t\t\t\t\t<img loading=\"lazy\" decoding=\"async\" width=\"292\" height=\"300\" src=\"https:\/\/centromedicotropicana.com\/wp-content\/uploads\/2023\/10\/LOGO-Tropicana-normal-nuevo-08-292x300.png\" class=\"attachment-medium size-medium wp-image-2389\" alt=\"Tropicana Favicon\" srcset=\"https:\/\/centromedicotropicana.com\/wp-content\/uploads\/2023\/10\/LOGO-Tropicana-normal-nuevo-08-292x300.png 292w, https:\/\/centromedicotropicana.com\/wp-content\/uploads\/2023\/10\/LOGO-Tropicana-normal-nuevo-08-430x441.png 430w, https:\/\/centromedicotropicana.com\/wp-content\/uploads\/2023\/10\/LOGO-Tropicana-normal-nuevo-08-700x718.png 700w, https:\/\/centromedicotropicana.com\/wp-content\/uploads\/2023\/10\/LOGO-Tropicana-normal-nuevo-08-998x1024.png 998w, https:\/\/centromedicotropicana.com\/wp-content\/uploads\/2023\/10\/LOGO-Tropicana-normal-nuevo-08-768x788.png 768w, https:\/\/centromedicotropicana.com\/wp-content\/uploads\/2023\/10\/LOGO-Tropicana-normal-nuevo-08-1497x1536.png 1497w, https:\/\/centromedicotropicana.com\/wp-content\/uploads\/2023\/10\/LOGO-Tropicana-normal-nuevo-08-1568x1609.png 1568w, https:\/\/centromedicotropicana.com\/wp-content\/uploads\/2023\/10\/LOGO-Tropicana-normal-nuevo-08.png 1751w\" sizes=\"auto, (max-width: 292px) 100vw, 292px\" \/>\t\t\t\t\t\t\t\t\t\t\t\t\t\t\t<\/div>\n\t\t\t\t<\/div>\n\t\t\t\t<div class=\"elementor-element elementor-element-c07ed5b cmsmasters-block-default cmsmasters-sticky-default elementor-widget elementor-widget-heading\" data-id=\"c07ed5b\" data-element_type=\"widget\" data-e-type=\"widget\" data-widget_type=\"heading.default\">\n\t\t\t\t<div class=\"elementor-widget-container\">\n\t\t\t\t\t<h3 class=\"elementor-heading-title elementor-size-default\">Recommended Treatments<\/h3>\t\t\t\t<\/div>\n\t\t\t\t<\/div>\n\t\t\t\t\t<\/div>\n\t\t\t\t<\/div>\n\t\t\t\t\t<\/div>\n\t\t\t\t<\/div>\n\t\t\t\t<\/section>\n\t\t<section class=\"elementor-element elementor-element-7fccf6b e-flex e-con-boxed cmsmasters-block-default e-con e-parent\" data-id=\"7fccf6b\" data-element_type=\"container\" data-e-type=\"container\">\n\t\t\t\t\t<div class=\"e-con-inner\">\n\t\t<div class=\"elementor-element elementor-element-466020f1 e-grid e-con-full cmsmasters-block-default e-con e-child\" data-id=\"466020f1\" data-element_type=\"container\" data-e-type=\"container\">\n\t\t\t\t<div class=\"elementor-element elementor-element-3ab0521a cmsmasters-feature-box__title-position-yes cmsmasters-featured-box__button-border-none cmsmasters-feature-box__title-position-tablet-yes cmsmasters-effect cmsmasters-effect-type-transform cmsmasters-featured-box__graphic-align-center cmsmasters-featured-box__image_fit-none cmsmasters-featured-box__graphic-position-column cmsmasters-featured-box__graphic-position-tablet-column cmsmasters-featured-box__graphic-position-mobile-column cmsmasters-featured-box__both cmsmasters-featured-box__text-valign-middle cmsmasters-effect-hover-type-element cmsmasters-block-default cmsmasters-sticky-default elementor-widget elementor-widget-cmsmasters-featured-box\" data-id=\"3ab0521a\" data-element_type=\"widget\" data-e-type=\"widget\" data-settings=\"{&quot;cms_transform_hover_type&quot;:&quot;element&quot;}\" data-widget_type=\"cmsmasters-featured-box.default\">\n\t\t\t\t<div class=\"elementor-widget-container\">\n\t\t\t\t\t<a href=\"https:\/\/centromedicotropicana.com\/en\/esthetic-dentistry\/porcelain-veneers\/\" class=\"elementor-widget-cmsmasters-featured-box__wrapper\"><div class=\"elementor-widget-cmsmasters-featured-box__content\">\n\t\t\t\t<div class=\"elementor-widget-cmsmasters-featured-box__content-vertical-inner\"><div class=\"elementor-widget-cmsmasters-featured-box__graphic-wrapper elementor-widget-cmsmasters-featured-box__content-item elementor-widget-cmsmasters-featured-box__image\"><h2 class=\"elementor-widget-cmsmasters-featured-box__title elementor-widget-cmsmasters-featured-box__content-item\">Porcelain veneers<\/h2><figure class=\"elementor-widget-cmsmasters-featured-box__image-wrap elementor-widget-cmsmasters-featured-box__graphic-item\"><img loading=\"lazy\" decoding=\"async\" width=\"512\" height=\"512\" src=\"https:\/\/centromedicotropicana.com\/wp-content\/uploads\/2025\/07\/carilla-dental-1.svg\" class=\"attachment-medium size-medium wp-image-41045\" alt=\"\" \/><\/figure><\/div><div class=\"elementor-widget-cmsmasters-featured-box__type-wrap elementor-widget-cmsmasters-featured-box__content-item\"><h2 class=\"elementor-widget-cmsmasters-featured-box__title elementor-widget-cmsmasters-featured-box__content-item\">Porcelain veneers<\/h2><div class=\"elementor-widget-cmsmasters-featured-box__description elementor-widget-cmsmasters-featured-box__content-item\">Revitalize your smile with porcelain dental veneers<\/div><div class=\"elementor-widget-cmsmasters-featured-box__button-wrapper elementor-widget-cmsmasters-featured-box__content-item\">\n\t\t\t\t<span class=\"elementor-widget-cmsmasters-featured-box__button elementor-widget-cmsmasters-featured-box__content-item cmsmasters-theme-button elementor-widget-cmsmasters-featured-box__button-icon-right\"><span class=\"elementor-widget-cmsmasters-featured-box__button-icon-default elementor-widget-cmsmasters-featured-box__button-icon- elementor-widget-cmsmasters-featured-box__button-icon\"><i aria-hidden=\"true\" class=\"cmsmsdemo-icon- cmsms-demo-icon-arrow-curved\"><\/i><\/span>Read more<\/span>\n\t\t\t<\/div><\/div>\n\t\t\t\t<\/div>\n\t\t\t<\/div>\n\t\t<\/a>\t\t\t\t<\/div>\n\t\t\t\t<\/div>\n\t\t\t\t<div class=\"elementor-element elementor-element-2b4d0e4d cmsmasters-feature-box__title-position-yes cmsmasters-featured-box__button-border-none cmsmasters-feature-box__title-position-tablet-yes cmsmasters-effect cmsmasters-effect-type-transform cmsmasters-featured-box__graphic-align-center cmsmasters-featured-box__image_fit-none cmsmasters-featured-box__graphic-position-column cmsmasters-featured-box__graphic-position-tablet-column cmsmasters-featured-box__graphic-position-mobile-column cmsmasters-featured-box__both cmsmasters-featured-box__text-valign-middle cmsmasters-effect-hover-type-element cmsmasters-block-default cmsmasters-sticky-default elementor-widget elementor-widget-cmsmasters-featured-box\" data-id=\"2b4d0e4d\" data-element_type=\"widget\" data-e-type=\"widget\" data-settings=\"{&quot;cms_transform_hover_type&quot;:&quot;element&quot;}\" data-widget_type=\"cmsmasters-featured-box.default\">\n\t\t\t\t<div class=\"elementor-widget-container\">\n\t\t\t\t\t<a href=\"https:\/\/centromedicotropicana.com\/en\/esthetic-dentistry\/resin-veneers\/\" class=\"elementor-widget-cmsmasters-featured-box__wrapper\"><div class=\"elementor-widget-cmsmasters-featured-box__content\">\n\t\t\t\t<div class=\"elementor-widget-cmsmasters-featured-box__content-vertical-inner\"><div class=\"elementor-widget-cmsmasters-featured-box__graphic-wrapper elementor-widget-cmsmasters-featured-box__content-item elementor-widget-cmsmasters-featured-box__image\"><h2 class=\"elementor-widget-cmsmasters-featured-box__title elementor-widget-cmsmasters-featured-box__content-item\">Resin veneers<\/h2><figure class=\"elementor-widget-cmsmasters-featured-box__image-wrap elementor-widget-cmsmasters-featured-box__graphic-item\"><img loading=\"lazy\" decoding=\"async\" width=\"512\" height=\"512\" src=\"https:\/\/centromedicotropicana.com\/wp-content\/uploads\/2025\/07\/carillas-dentales.svg\" class=\"attachment-medium size-medium wp-image-41046\" alt=\"\" \/><\/figure><\/div><div class=\"elementor-widget-cmsmasters-featured-box__type-wrap elementor-widget-cmsmasters-featured-box__content-item\"><h2 class=\"elementor-widget-cmsmasters-featured-box__title elementor-widget-cmsmasters-featured-box__content-item\">Resin veneers<\/h2><div class=\"elementor-widget-cmsmasters-featured-box__description elementor-widget-cmsmasters-featured-box__content-item\">Achieve a perfect smile with resin veneers<\/div><div class=\"elementor-widget-cmsmasters-featured-box__button-wrapper elementor-widget-cmsmasters-featured-box__content-item\">\n\t\t\t\t<span class=\"elementor-widget-cmsmasters-featured-box__button elementor-widget-cmsmasters-featured-box__content-item cmsmasters-theme-button elementor-widget-cmsmasters-featured-box__button-icon-right\"><span class=\"elementor-widget-cmsmasters-featured-box__button-icon-default elementor-widget-cmsmasters-featured-box__button-icon- elementor-widget-cmsmasters-featured-box__button-icon\"><i aria-hidden=\"true\" class=\"cmsmsdemo-icon- cmsms-demo-icon-arrow-curved\"><\/i><\/span>Read more<\/span>\n\t\t\t<\/div><\/div>\n\t\t\t\t<\/div>\n\t\t\t<\/div>\n\t\t<\/a>\t\t\t\t<\/div>\n\t\t\t\t<\/div>\n\t\t\t\t<div class=\"elementor-element elementor-element-7ef8dfe5 cmsmasters-feature-box__title-position-yes cmsmasters-featured-box__button-border-none cmsmasters-feature-box__title-position-tablet-yes cmsmasters-effect cmsmasters-effect-type-transform cmsmasters-featured-box__graphic-align-center cmsmasters-featured-box__image_fit-none cmsmasters-featured-box__graphic-position-column cmsmasters-featured-box__graphic-position-tablet-column cmsmasters-featured-box__graphic-position-mobile-column cmsmasters-featured-box__both cmsmasters-featured-box__text-valign-middle cmsmasters-effect-hover-type-element cmsmasters-block-default cmsmasters-sticky-default elementor-widget elementor-widget-cmsmasters-featured-box\" data-id=\"7ef8dfe5\" data-element_type=\"widget\" data-e-type=\"widget\" data-settings=\"{&quot;cms_transform_hover_type&quot;:&quot;element&quot;}\" data-widget_type=\"cmsmasters-featured-box.default\">\n\t\t\t\t<div class=\"elementor-widget-container\">\n\t\t\t\t\t<a href=\"https:\/\/centromedicotropicana.com\/en\/esthetic-dentistry\/flash-teeth-whitening\/\" class=\"elementor-widget-cmsmasters-featured-box__wrapper\"><div class=\"elementor-widget-cmsmasters-featured-box__content\">\n\t\t\t\t<div class=\"elementor-widget-cmsmasters-featured-box__content-vertical-inner\"><div class=\"elementor-widget-cmsmasters-featured-box__graphic-wrapper elementor-widget-cmsmasters-featured-box__content-item elementor-widget-cmsmasters-featured-box__image\"><h2 class=\"elementor-widget-cmsmasters-featured-box__title elementor-widget-cmsmasters-featured-box__content-item\">Flash Teeth Whitening<\/h2><figure class=\"elementor-widget-cmsmasters-featured-box__image-wrap elementor-widget-cmsmasters-featured-box__graphic-item\"><img loading=\"lazy\" decoding=\"async\" width=\"512\" height=\"512\" src=\"https:\/\/centromedicotropicana.com\/wp-content\/uploads\/2025\/07\/blanqueamiento-dental.svg\" class=\"attachment-medium size-medium wp-image-41050\" alt=\"\" \/><\/figure><\/div><div class=\"elementor-widget-cmsmasters-featured-box__type-wrap elementor-widget-cmsmasters-featured-box__content-item\"><h2 class=\"elementor-widget-cmsmasters-featured-box__title elementor-widget-cmsmasters-featured-box__content-item\">Flash Teeth Whitening<\/h2><div class=\"elementor-widget-cmsmasters-featured-box__description elementor-widget-cmsmasters-featured-box__content-item\">Experience the power of professional teeth whitening<\/div><div class=\"elementor-widget-cmsmasters-featured-box__button-wrapper elementor-widget-cmsmasters-featured-box__content-item\">\n\t\t\t\t<span class=\"elementor-widget-cmsmasters-featured-box__button elementor-widget-cmsmasters-featured-box__content-item cmsmasters-theme-button elementor-widget-cmsmasters-featured-box__button-icon-right\"><span class=\"elementor-widget-cmsmasters-featured-box__button-icon-default elementor-widget-cmsmasters-featured-box__button-icon- elementor-widget-cmsmasters-featured-box__button-icon\"><i aria-hidden=\"true\" class=\"cmsmsdemo-icon- cmsms-demo-icon-arrow-curved\"><\/i><\/span>Read more<\/span>\n\t\t\t<\/div><\/div>\n\t\t\t\t<\/div>\n\t\t\t<\/div>\n\t\t<\/a>\t\t\t\t<\/div>\n\t\t\t\t<\/div>\n\t\t\t\t<div class=\"elementor-element elementor-element-de75a9 cmsmasters-feature-box__title-position-yes cmsmasters-featured-box__button-border-none cmsmasters-feature-box__title-position-tablet-yes cmsmasters-effect cmsmasters-effect-type-transform cmsmasters-featured-box__graphic-align-center cmsmasters-featured-box__image_fit-none cmsmasters-featured-box__graphic-position-column cmsmasters-featured-box__graphic-position-tablet-column cmsmasters-featured-box__graphic-position-mobile-column cmsmasters-featured-box__both cmsmasters-featured-box__text-valign-middle cmsmasters-effect-hover-type-element cmsmasters-block-default cmsmasters-sticky-default elementor-widget elementor-widget-cmsmasters-featured-box\" data-id=\"de75a9\" data-element_type=\"widget\" data-e-type=\"widget\" data-settings=\"{&quot;cms_transform_hover_type&quot;:&quot;element&quot;}\" data-widget_type=\"cmsmasters-featured-box.default\">\n\t\t\t\t<div class=\"elementor-widget-container\">\n\t\t\t\t\t<a href=\"https:\/\/centromedicotropicana.com\/en\/esthetic-dentistry\/dental-crowns\/\" class=\"elementor-widget-cmsmasters-featured-box__wrapper\"><div class=\"elementor-widget-cmsmasters-featured-box__content\">\n\t\t\t\t<div class=\"elementor-widget-cmsmasters-featured-box__content-vertical-inner\"><div class=\"elementor-widget-cmsmasters-featured-box__graphic-wrapper elementor-widget-cmsmasters-featured-box__content-item elementor-widget-cmsmasters-featured-box__image\"><h2 class=\"elementor-widget-cmsmasters-featured-box__title elementor-widget-cmsmasters-featured-box__content-item\">Dental crowns<\/h2><figure class=\"elementor-widget-cmsmasters-featured-box__image-wrap elementor-widget-cmsmasters-featured-box__graphic-item\"><img loading=\"lazy\" decoding=\"async\" width=\"512\" height=\"512\" src=\"https:\/\/centromedicotropicana.com\/wp-content\/uploads\/2025\/07\/dental.svg\" class=\"attachment-medium size-medium wp-image-41047\" alt=\"\" \/><\/figure><\/div><div class=\"elementor-widget-cmsmasters-featured-box__type-wrap elementor-widget-cmsmasters-featured-box__content-item\"><h2 class=\"elementor-widget-cmsmasters-featured-box__title elementor-widget-cmsmasters-featured-box__content-item\">Dental crowns<\/h2><div class=\"elementor-widget-cmsmasters-featured-box__description elementor-widget-cmsmasters-featured-box__content-item\">Renew your smile with a dental crown<\/div><div class=\"elementor-widget-cmsmasters-featured-box__button-wrapper elementor-widget-cmsmasters-featured-box__content-item\">\n\t\t\t\t<span class=\"elementor-widget-cmsmasters-featured-box__button elementor-widget-cmsmasters-featured-box__content-item cmsmasters-theme-button elementor-widget-cmsmasters-featured-box__button-icon-right\"><span class=\"elementor-widget-cmsmasters-featured-box__button-icon-default elementor-widget-cmsmasters-featured-box__button-icon- elementor-widget-cmsmasters-featured-box__button-icon\"><i aria-hidden=\"true\" class=\"cmsmsdemo-icon- cmsms-demo-icon-arrow-curved\"><\/i><\/span>Read more<\/span>\n\t\t\t<\/div><\/div>\n\t\t\t\t<\/div>\n\t\t\t<\/div>\n\t\t<\/a>\t\t\t\t<\/div>\n\t\t\t\t<\/div>\n\t\t\t\t<div class=\"elementor-element elementor-element-7311e514 cmsmasters-feature-box__title-position-yes cmsmasters-featured-box__button-border-none cmsmasters-feature-box__title-position-tablet-yes cmsmasters-effect cmsmasters-effect-type-transform cmsmasters-featured-box__graphic-align-center cmsmasters-featured-box__image_fit-none cmsmasters-featured-box__graphic-position-column cmsmasters-featured-box__graphic-position-tablet-column cmsmasters-featured-box__graphic-position-mobile-column cmsmasters-featured-box__both cmsmasters-featured-box__text-valign-middle cmsmasters-effect-hover-type-element cmsmasters-block-default cmsmasters-sticky-default elementor-widget elementor-widget-cmsmasters-featured-box\" data-id=\"7311e514\" data-element_type=\"widget\" data-e-type=\"widget\" data-settings=\"{&quot;cms_transform_hover_type&quot;:&quot;element&quot;}\" data-widget_type=\"cmsmasters-featured-box.default\">\n\t\t\t\t<div class=\"elementor-widget-container\">\n\t\t\t\t\t<a href=\"https:\/\/centromedicotropicana.com\/en\/esthetic-dentistry\/smile-design\/\" class=\"elementor-widget-cmsmasters-featured-box__wrapper\"><div class=\"elementor-widget-cmsmasters-featured-box__content\">\n\t\t\t\t<div class=\"elementor-widget-cmsmasters-featured-box__content-vertical-inner\"><div class=\"elementor-widget-cmsmasters-featured-box__graphic-wrapper elementor-widget-cmsmasters-featured-box__content-item elementor-widget-cmsmasters-featured-box__image\"><h2 class=\"elementor-widget-cmsmasters-featured-box__title elementor-widget-cmsmasters-featured-box__content-item\">Smile design<\/h2><figure class=\"elementor-widget-cmsmasters-featured-box__image-wrap elementor-widget-cmsmasters-featured-box__graphic-item\"><img loading=\"lazy\" decoding=\"async\" width=\"512\" height=\"512\" src=\"https:\/\/centromedicotropicana.com\/wp-content\/uploads\/2025\/07\/sonrisa.svg\" class=\"attachment-medium size-medium wp-image-41049\" alt=\"\" \/><\/figure><\/div><div class=\"elementor-widget-cmsmasters-featured-box__type-wrap elementor-widget-cmsmasters-featured-box__content-item\"><h2 class=\"elementor-widget-cmsmasters-featured-box__title elementor-widget-cmsmasters-featured-box__content-item\">Smile design<\/h2><div class=\"elementor-widget-cmsmasters-featured-box__description elementor-widget-cmsmasters-featured-box__content-item\">Regain your confidence with customized smile design<\/div><div class=\"elementor-widget-cmsmasters-featured-box__button-wrapper elementor-widget-cmsmasters-featured-box__content-item\">\n\t\t\t\t<span class=\"elementor-widget-cmsmasters-featured-box__button elementor-widget-cmsmasters-featured-box__content-item cmsmasters-theme-button elementor-widget-cmsmasters-featured-box__button-icon-right\"><span class=\"elementor-widget-cmsmasters-featured-box__button-icon-default elementor-widget-cmsmasters-featured-box__button-icon- elementor-widget-cmsmasters-featured-box__button-icon\"><i aria-hidden=\"true\" class=\"cmsmsdemo-icon- cmsms-demo-icon-arrow-curved\"><\/i><\/span>Read more<\/span>\n\t\t\t<\/div><\/div>\n\t\t\t\t<\/div>\n\t\t\t<\/div>\n\t\t<\/a>\t\t\t\t<\/div>\n\t\t\t\t<\/div>\n\t\t\t\t<\/div>\n\t\t\t\t\t<\/div>\n\t\t\t\t<\/section>\n\t\t\t\t<\/div>","protected":false},"excerpt":{"rendered":"<p>Odontolog\u00eda est\u00e9tica En nuestro servicio de odontolog\u00eda est\u00e9tica, nos dedicamos a realzar la belleza natural de su sonrisa, ayud\u00e1ndole a lograr la imagen que siempre ha deseado. Entendemos que una sonrisa atractiva no solo mejora su apariencia, sino que tambi\u00e9n impulsa su confianza y bienestar general. Con un enfoque personalizado y utilizando las t\u00e9cnicas m\u00e1s&#8230;<\/p>","protected":false},"author":3,"featured_media":0,"parent":0,"menu_order":0,"comment_status":"open","ping_status":"closed","template":"elementor_header_footer","meta":{"_acf_changed":false,"nf_dc_page":"","footnotes":""},"class_list":["post-2747","page","type-page","status-publish","hentry"],"acf":[],"_links":{"self":[{"href":"https:\/\/centromedicotropicana.com\/en\/wp-json\/wp\/v2\/pages\/2747","targetHints":{"allow":["GET"]}}],"collection":[{"href":"https:\/\/centromedicotropicana.com\/en\/wp-json\/wp\/v2\/pages"}],"about":[{"href":"https:\/\/centromedicotropicana.com\/en\/wp-json\/wp\/v2\/types\/page"}],"author":[{"embeddable":true,"href":"https:\/\/centromedicotropicana.com\/en\/wp-json\/wp\/v2\/users\/3"}],"replies":[{"embeddable":true,"href":"https:\/\/centromedicotropicana.com\/en\/wp-json\/wp\/v2\/comments?post=2747"}],"version-history":[{"count":0,"href":"https:\/\/centromedicotropicana.com\/en\/wp-json\/wp\/v2\/pages\/2747\/revisions"}],"wp:attachment":[{"href":"https:\/\/centromedicotropicana.com\/en\/wp-json\/wp\/v2\/media?parent=2747"}],"curies":[{"name":"wp","href":"https:\/\/api.w.org\/{rel}","templated":true}]}}